{"id":1470,"date":"2009-01-27T16:59:24","date_gmt":"2009-01-27T23:59:24","guid":{"rendered":"http:\/\/www.waynakh.com\/tr\/?page_id=1470"},"modified":"2009-03-04T11:11:56","modified_gmt":"2009-03-04T18:11:56","slug":"vakit-namazlari-sabah-ogle-ikindi-aksam-yatsi","status":"publish","type":"page","link":"http:\/\/www.waynakh.com\/tr\/vakit-namazlari-sabah-ogle-ikindi-aksam-yatsi\/","title":{"rendered":"Vakit Namazlar\u0131 (Sabah, \u00d6\u011fle, \u0130kindi, Ak\u015fam, Yats\u0131)"},"content":{"rendered":"<p style=\"text-align: justify;\"><strong><span style=\"color: #cc0000;\"><span style=\"color: #ff0000;\"><span style=\"text-decoration: underline;\">(\u015eAF\u0130\u0130LER \u0130\u00c7\u0130N)<\/span><\/span><\/span><\/strong><\/p>\n<p><strong><span style=\"color: #cc0000;\">SAbAH NAMAZI; 4 REKATTIR. 2 S\u00dcNNET, 2 FARZ<\/p>\n<p><\/span><\/strong><strong>2 REKAT S\u00dcNNET M\u00dcEKKED<\/strong><\/p>\n<p><strong><\/strong><em>&#8220;Niyet ettim Allah r\u0131zas\u0131 i\u00e7in sabah namaz\u0131n\u0131n                      iki rekat s\u00fcnnetini k\u0131lmaya&#8221;<\/em><!--more--><br \/>\n<strong>1. Rekat <\/strong><br \/>\nNiyet &#8211; Tekbir &#8211; Vecceht\u00fc &#8211; E\u00fbz\u00fc Besmele &#8211; F\u00e2tiha &#8211; Bir s\u00fbre                      &#8211; R\u00fck\u00fc &#8211; \u0130tidal. Secde (iki) &#8211; \u0130kinci rekat i\u00e7in aya\u011fa kalk\u0131l\u0131r.<br \/>\n<strong>2. Rek&#8217;at<\/strong><br \/>\nBesmele &#8211; F\u00e2tiha &#8211; Bir s\u00fbre &#8211; R\u00fck\u00fc &#8211; \u0130tidal. Secde (iki) &#8211;                      Oturu\u015f &#8211; Ettehiyat, Di\u011fer Dualar, Selam<\/p>\n<p><strong>2 REKAT FARZ<\/strong><\/p>\n<p><strong><\/strong><em>&#8220;Niyet ettim Allah r\u0131zas\u0131 i\u00e7in sabah namaz\u0131n\u0131n                      iki rekat farz\u0131n\u0131 k\u0131lmaya&#8221;<\/em><br \/>\n<strong>1. Rekat <\/strong><br \/>\nNiyet &#8211; Tekbir &#8211; Vecceht\u00fc &#8211; E\u00fbz\u00fc Besmele &#8211; F\u00e2tiha &#8211; Bir s\u00fbre                      &#8211; R\u00fck\u00fc &#8211; \u0130tidal. Secde (iki) &#8211; \u0130kinci rekat i\u00e7in aya\u011fa kalk\u0131l\u0131r.<br \/>\n<strong>2. Rek&#8217;at<\/strong><br \/>\nBesmele &#8211; F\u00e2tiha &#8211; Bir s\u00fbre &#8211; R\u00fck\u00fc &#8211; Kunut Duas\u0131 &#8211; Secde (iki)                      &#8211; Oturu\u015f &#8211; Ettehiyat, Di\u011fer Dualar, Selam<\/p>\n<p><em>Sabah namaz\u0131n\u0131n farz\u0131ndan sonra 10 defa <strong>&#8220;L\u00e2 il\u00e2he                      illallahu vahdehu l\u00e2 \u015ferike leh. Lehul m\u00fclk\u00fc ve leh\u00fc&#8217;l hamd\u00fc                      ve h\u00fcve al\u00e2 k\u00fclli \u015fey&#8217;in kad\u00eer.&#8221;<\/strong> hemen pe\u015finden <strong>&#8220;Allah\u00fcmme                      ecirn\u00ee minnenn\u00e2r.&#8221;<\/strong> duas\u0131n\u0131 oku. Daha sonra zikir,                      tesbihat ve duaya ge\u00e7.<\/em><\/p>\n<p><em>***<\/em><\/p>\n<p><em><\/em><strong><span style=\"color: #cc0000;\">\u00d6\u011eLE NAMAZI; 12 REK&#8217;ATTIR. 4 S\u00dcNNET, 4 FARZ,                      4 S\u00dcNNET<\/span><\/strong><\/p>\n<p><strong><\/strong><strong>4 REKAT S\u00dcNNET<\/strong><\/p>\n<p><strong><\/strong><em>2 Rekat S\u00fcnnet M\u00fcekked<br \/>\n&#8220;Niyet ettim Allah r\u0131zas\u0131 i\u00e7in \u00f6\u011fle namaz\u0131n\u0131n iki rekat                      s\u00fcnnetini k\u0131lmaya&#8221;<\/em><br \/>\n<strong>1. Rekat <\/strong><br \/>\nNiyet &#8211; Tekbir &#8211; Vecceht\u00fc &#8211; E\u00fbz\u00fc Besmele &#8211; F\u00e2tiha &#8211; Bir s\u00fbre                      &#8211; R\u00fck\u00fc &#8211; \u0130tidal. Secde (iki) &#8211; \u0130kinci rekat i\u00e7in aya\u011fa kalk\u0131l\u0131r.<br \/>\n<strong>2. Rek&#8217;at<\/strong><br \/>\nBesmele &#8211; F\u00e2tiha &#8211; Bir s\u00fbre &#8211; R\u00fck\u00fc &#8211; \u0130tidal. Secde (iki) &#8211;                      Oturu\u015f &#8211; Ettehiyat, Di\u011fer Dualar, Selam<\/p>\n<p><em>2 Rekat Gayri M\u00fcekked<br \/>\n&#8220;Niyet ettim Allah r\u0131zas\u0131 i\u00e7in \u00f6\u011fle namaz\u0131n\u0131n iki rekat                      s\u00fcnnetini k\u0131lmaya&#8221;<\/em><br \/>\n<strong>1. Rekat <\/strong><br \/>\nNiyet &#8211; Tekbir &#8211; Vecceht\u00fc &#8211; E\u00fbz\u00fc Besmele &#8211; F\u00e2tiha &#8211; Bir s\u00fbre                      &#8211; R\u00fck\u00fc &#8211; \u0130tidal. Secde (iki) &#8211; \u0130kinci rekat i\u00e7in aya\u011fa kalk\u0131l\u0131r.<br \/>\n<strong>2. Rek&#8217;at<\/strong><br \/>\nBesmele &#8211; F\u00e2tiha &#8211; Bir s\u00fbre &#8211; R\u00fck\u00fc &#8211; \u0130tidal. Secde (iki) &#8211;                      Oturu\u015f &#8211; Ettehiyat, Di\u011fer Dualar, Selam<\/p>\n<p><strong>4 REKAT FARZ<\/strong><\/p>\n<p><strong><\/strong><em>&#8220;Niyet ettim Allah r\u0131zas\u0131 i\u00e7in \u00f6\u011fle namaz\u0131n\u0131n                      d\u00f6rt rekat farz\u0131n\u0131 k\u0131lmaya&#8221;<\/em><strong><br \/>\n1. Rekat <\/strong><br \/>\nK\u00e2met (erkek) &#8211; Niyet &#8211; Tekbir &#8211; Vecceht\u00fc &#8211; E\u00fbz\u00fc Besmele &#8211;                      F\u00e2tiha &#8211; Bir s\u00fbre &#8211; R\u00fcku &#8211; \u0130tidal. Secde (iki)- \u0130kinci rekat                      i\u00e7in aya\u011fa kalk\u0131l\u0131r.<br \/>\n<strong>2. Rekat<\/strong><br \/>\nBesmele &#8211; F\u00e2tiha &#8211; Bir s\u00fbre &#8211; R\u00fcku &#8211; \u0130tidal. Secde (iki) &#8211;                      Oturu\u015f &#8211; Ettehiyat &#8211; \u00dc\u00e7\u00fcnc\u00fc rekat i\u00e7in aya\u011fa kalk\u0131l\u0131r.<br \/>\n<strong>3. Rekat<\/strong><br \/>\nBesmele &#8211; F\u00e2tiha &#8211; R\u00fcku &#8211; \u0130tidal. Secde (iki) &#8211; D\u00f6rd\u00fcnc\u00fc rekat                      i\u00e7in aya\u011fa kalk\u0131l\u0131r.<strong><br \/>\n4. Rek&#8217;at<\/strong><br \/>\nBesmele &#8211; F\u00e2tiha &#8211; R\u00fcku &#8211; \u0130tidal. Secde (iki) &#8211; Oturu\u015f &#8211; Ettehiyat,                      Di\u011fer Dualar, Selam<\/p>\n<p><strong>4 REKAT S\u00dcNNET<\/strong><\/p>\n<p><strong><\/strong><em>2 Rekat S\u00fcnnet M\u00fcekked<br \/>\n&#8220;Niyet ettim Allah r\u0131zas\u0131 i\u00e7in \u00f6\u011fle namaz\u0131n\u0131n iki rekat                      s\u00fcnnetini k\u0131lmaya&#8221;<\/em><br \/>\n<strong>1. Rekat <\/strong><br \/>\nNiyet &#8211; Tekbir &#8211; Vecceht\u00fc &#8211; E\u00fbz\u00fc Besmele &#8211; F\u00e2tiha &#8211; Bir s\u00fbre                      &#8211; R\u00fck\u00fc &#8211; \u0130tidal. Secde (iki) &#8211; \u0130kinci rekat i\u00e7in aya\u011fa kalk\u0131l\u0131r.<br \/>\n<strong>2. Rek&#8217;at<\/strong><br \/>\nBesmele &#8211; F\u00e2tiha &#8211; Bir s\u00fbre &#8211; R\u00fck\u00fc &#8211; \u0130tidal. Secde (iki) &#8211;                      Oturu\u015f &#8211; Ettehiyat, Di\u011fer Dualar, Selam<\/p>\n<p><em>2 Rekat Gayri M\u00fcekked<br \/>\n&#8220;Niyet ettim Allah r\u0131zas\u0131 i\u00e7in \u00f6\u011fle namaz\u0131n\u0131n iki rekat                      s\u00fcnnetini k\u0131lmaya&#8221;<\/em><br \/>\n<strong>1. Rekat <\/strong><br \/>\nNiyet &#8211; Tekbir &#8211; Vecceht\u00fc &#8211; E\u00fbz\u00fc Besmele &#8211; F\u00e2tiha &#8211; Bir s\u00fbre                      &#8211; R\u00fck\u00fc &#8211; \u0130tidal. Secde (iki) &#8211; \u0130kinci rekat i\u00e7in aya\u011fa kalk\u0131l\u0131r.<br \/>\n<strong>2. Rek&#8217;at<\/strong><br \/>\nBesmele &#8211; F\u00e2tiha &#8211; Bir s\u00fbre &#8211; R\u00fck\u00fc &#8211; \u0130tidal. Secde (iki) &#8211;                      Oturu\u015f &#8211; Ettehiyat, Di\u011fer Dualar, Selam<\/p>\n<p>***<\/p>\n<p><strong><span style=\"color: #cc0000;\">\u0130K\u0130ND\u0130 NAMAZI; 8 REKATTIR.                      4 S\u00dcNNET, 4 FARZ<\/span><\/strong><\/p>\n<p><strong><\/strong><strong>4 REKAT S\u00dcNNET GAYR\u0130 M\u00dcEKKED<\/strong><\/p>\n<p><em>&#8220;Niyet ettim Allah r\u0131zas\u0131 i\u00e7in ikindi namaz\u0131n\u0131n iki                      rekat s\u00fcnnetini k\u0131lmaya&#8221;<\/em><br \/>\n<strong>1. Rekat <\/strong><br \/>\nNiyet &#8211; Tekbir &#8211; Vecceht\u00fc &#8211; E\u00fbz\u00fc Besmele &#8211; F\u00e2tiha &#8211; Bir s\u00fbre                      &#8211; R\u00fck\u00fc &#8211; \u0130tidal. Secde (iki) &#8211; \u0130kinci rekat i\u00e7in aya\u011fa kalk\u0131l\u0131r.<br \/>\n<strong>2. Rek&#8217;at<\/strong><br \/>\nBesmele &#8211; F\u00e2tiha &#8211; Bir s\u00fbre &#8211; R\u00fck\u00fc &#8211; \u0130tidal. Secde (iki) &#8211;                      Oturu\u015f &#8211; Ettehiyat, Di\u011fer Dualar, Selam<\/p>\n<p><em>&#8220;Niyet ettim Allah r\u0131zas\u0131 i\u00e7in ikindi namaz\u0131n\u0131n iki                      rekat s\u00fcnnetini k\u0131lmaya&#8221;<\/em><br \/>\n<strong>1. Rekat <\/strong><br \/>\nNiyet &#8211; Tekbir &#8211; Vecceht\u00fc &#8211; E\u00fbz\u00fc Besmele &#8211; F\u00e2tiha &#8211; Bir s\u00fbre                      &#8211; R\u00fck\u00fc &#8211; \u0130tidal. Secde (iki) &#8211; \u0130kinci rekat i\u00e7in aya\u011fa kalk\u0131l\u0131r.<br \/>\n<strong>2. Rek&#8217;at<\/strong><br \/>\nBesmele &#8211; F\u00e2tiha &#8211; Bir s\u00fbre &#8211; R\u00fck\u00fc &#8211; \u0130tidal. Secde (iki) &#8211;                      Oturu\u015f &#8211; Ettehiyat, Di\u011fer Dualar, Selam<\/p>\n<p><strong>4 REKAT FARZ<\/strong><\/p>\n<p><strong><\/strong><em>&#8220;Niyet ettim Allah r\u0131zas\u0131 i\u00e7in ikindi namaz\u0131n\u0131n                      d\u00f6rt rekat farz\u0131n\u0131 k\u0131lmaya&#8221;<\/em><strong><br \/>\n1. Rekat <\/strong><br \/>\nK\u00e2met (erkek) &#8211; Niyet &#8211; Tekbir &#8211; Vecceht\u00fc &#8211; E\u00fbz\u00fc Besmele &#8211;                      F\u00e2tiha &#8211; Bir s\u00fbre &#8211; R\u00fcku &#8211; \u0130tidal. Secde (iki)- \u0130kinci rekat                      i\u00e7in aya\u011fa kalk\u0131l\u0131r.<br \/>\n<strong>2. Rekat<\/strong><br \/>\nBesmele &#8211; F\u00e2tiha &#8211; Bir s\u00fbre &#8211; R\u00fcku &#8211; \u0130tidal. Secde (iki) &#8211;                      Oturu\u015f &#8211; Ettehiyat &#8211; \u00dc\u00e7\u00fcnc\u00fc rekat i\u00e7in aya\u011fa kalk\u0131l\u0131r.<br \/>\n<strong>3. Rekat<\/strong><br \/>\nBesmele &#8211; F\u00e2tiha &#8211; R\u00fcku &#8211; \u0130tidal. Secde (iki) &#8211; D\u00f6rd\u00fcnc\u00fc rekat                      i\u00e7in aya\u011fa kalk\u0131l\u0131r.<strong><br \/>\n4. Rek&#8217;at<\/strong><br \/>\nBesmele &#8211; F\u00e2tiha &#8211; R\u00fcku &#8211; \u0130tidal. Secde (iki) &#8211; Oturu\u015f &#8211; Ettehiyat,                      Di\u011fer Dualar, Selam<\/p>\n<p>***<\/p>\n<p><strong><span style=\"color: #cc0000;\">AK\u015eAM NAMAZI; 5 REKATTIR. 3 FARZ, 2 S\u00dcNNET<\/span><\/strong><\/p>\n<p><strong><\/strong><strong>3 REKAT FARZ<\/strong><\/p>\n<p><strong><\/strong><em>&#8220;Niyet ettim Allah r\u0131zas\u0131 i\u00e7in ak\u015fam namaz\u0131n\u0131n                    \u00fc\u00e7 rekat farz\u0131n\u0131 k\u0131lmaya&#8221;<\/em><strong><br \/>\n1. Rekat <\/strong><br \/>\nK\u00e2met (erkek) &#8211; Niyet &#8211; Tekbir &#8211; Vecceht\u00fc &#8211; E\u00fbz\u00fc Besmele &#8211; F\u00e2tiha                    &#8211; Bir s\u00fbre &#8211; R\u00fcku &#8211; \u0130tidal. Secde (iki)- \u0130kinci rekat i\u00e7in aya\u011fa                    kalk\u0131l\u0131r.<br \/>\n<strong>2. Rekat<\/strong><br \/>\nBesmele &#8211; F\u00e2tiha &#8211; Bir s\u00fbre &#8211; R\u00fcku &#8211; \u0130tidal. Secde (iki) &#8211; Oturu\u015f                    &#8211; Ettehiyat &#8211; \u00dc\u00e7\u00fcnc\u00fc rekat i\u00e7in aya\u011fa kalk\u0131l\u0131r.<br \/>\n<strong>3. Rekat<\/strong><br \/>\nBesmele &#8211; F\u00e2tiha &#8211; R\u00fcku &#8211; \u0130tidal. Secde (iki) &#8211; Oturu\u015f &#8211; Ettehiyat,                    Di\u011fer Dualar, Selam<\/p>\n<p><em>Ak\u015fam namaz\u0131n\u0131n farz\u0131ndan sonra 10 defa <strong>&#8220;L\u00e2 il\u00e2he                    illallahu vahdehu l\u00e2 \u015ferike leh. Lehul m\u00fclk\u00fc ve leh\u00fc&#8217;l hamd\u00fc                    ve h\u00fcve al\u00e2 k\u00fclli \u015fey&#8217;in kad\u00eer.&#8221;<\/strong> hemen pe\u015finden <strong>&#8220;Allah\u00fcmme                    ecirn\u00ee minnenn\u00e2r.&#8221;<\/strong> duas\u0131n\u0131 oku. Daha sonra zikir, tesbihat                    ve duaya ge\u00e7.<\/em><\/p>\n<p><em><\/em><strong>2 REKAT S\u00dcNNET M\u00dcEKKED<\/strong><\/p>\n<p><strong><\/strong><em>&#8220;Niyet ettim Allah r\u0131zas\u0131 i\u00e7in ak\u015fam namaz\u0131n\u0131n                    iki rekat s\u00fcnnetini k\u0131lmaya&#8221;<\/em><br \/>\n<strong>1. Rekat <\/strong><br \/>\nNiyet &#8211; Tekbir &#8211; Vecceht\u00fc &#8211; E\u00fbz\u00fc Besmele &#8211; F\u00e2tiha &#8211; Bir s\u00fbre                    &#8211; R\u00fck\u00fc &#8211; \u0130tidal. Secde (iki) &#8211; \u0130kinci rekat i\u00e7in aya\u011fa kalk\u0131l\u0131r.<br \/>\n<strong>2. Rek&#8217;at<\/strong><br \/>\nBesmele &#8211; F\u00e2tiha &#8211; Bir s\u00fbre &#8211; R\u00fck\u00fc &#8211; \u0130tidal. Secde (iki) &#8211; Oturu\u015f                    &#8211; Ettehiyat, Di\u011fer Dualar, Selam<\/p>\n<p>***<\/p>\n<p><strong><span style=\"color: #cc0000;\">YATSI NAMAZI; 9 REKATTIR. 4 FARZ, 2 S\u00dcNNET,                      3 V\u0130T\u0130R<\/span><\/strong><\/p>\n<p><strong><\/strong><strong>4 REKAT FARZ<\/strong><\/p>\n<p><strong><\/strong><em>&#8220;Niyet ettim Allah r\u0131zas\u0131 i\u00e7in yats\u0131 namaz\u0131n\u0131n                      d\u00f6rt rekat farz\u0131n\u0131 k\u0131lmaya&#8221;<\/em><strong><br \/>\n1. Rekat <\/strong><br \/>\nK\u00e2met (erkek) &#8211; Niyet &#8211; Tekbir &#8211; Vecceht\u00fc &#8211; E\u00fbz\u00fc Besmele &#8211;                      F\u00e2tiha &#8211; Bir s\u00fbre &#8211; R\u00fcku &#8211; \u0130tidal. Secde (iki)- \u0130kinci rekat                      i\u00e7in aya\u011fa kalk\u0131l\u0131r.<br \/>\n<strong>2. Rekat<\/strong><br \/>\nBesmele &#8211; F\u00e2tiha &#8211; Bir s\u00fbre &#8211; R\u00fcku &#8211; \u0130tidal. Secde (iki) &#8211;                      Oturu\u015f &#8211; Ettehiyat &#8211; \u00dc\u00e7\u00fcnc\u00fc rekat i\u00e7in aya\u011fa kalk\u0131l\u0131r.<br \/>\n<strong>3. Rekat<\/strong><br \/>\nBesmele &#8211; F\u00e2tiha &#8211; R\u00fcku &#8211; \u0130tidal. Secde (iki) &#8211; D\u00f6rd\u00fcnc\u00fc rekat                      i\u00e7in aya\u011fa kalk\u0131l\u0131r.<strong><br \/>\n4. Rek&#8217;at<\/strong><br \/>\nBesmele &#8211; F\u00e2tiha &#8211; R\u00fcku &#8211; \u0130tidal. Secde (iki) &#8211; Oturu\u015f &#8211; Ettehiyat,                      Di\u011fer Dualar, Selam<\/p>\n<p><strong>2 REKAT S\u00dcNNET M\u00dcEKKED<\/strong><\/p>\n<p><strong><\/strong><em>&#8220;Niyet ettim Allah r\u0131zas\u0131 i\u00e7in yats\u0131 namaz\u0131n\u0131n                      iki rekat s\u00fcnnetini k\u0131lmaya&#8221;<\/em><strong><br \/>\n1. Rekat <\/strong><br \/>\nNiyet &#8211; Tekbir &#8211; Vecceht\u00fc &#8211; E\u00fbz\u00fc Besmele &#8211; F\u00e2tiha &#8211; Bir s\u00fbre                      &#8211; R\u00fck\u00fc &#8211; \u0130tidal. Secde (iki) &#8211; \u0130kinci rekat i\u00e7in aya\u011fa kalk\u0131l\u0131r.<br \/>\n<strong>2. Rek&#8217;at<\/strong><br \/>\nBesmele &#8211; F\u00e2tiha &#8211; Bir s\u00fbre &#8211; R\u00fck\u00fc &#8211; \u0130tidal. Secde (iki) &#8211;                      Oturu\u015f &#8211; Ettehiyat, Di\u011fer Dualar, Selam<\/p>\n<p><strong>3 REKAT V\u0130T\u0130R NAMAZI<\/strong><\/p>\n<p><strong><\/strong><em>&#8220;Niyet ettim Allah r\u0131zas\u0131 i\u00e7in iki rekat                      vitir namaz\u0131n\u0131 k\u0131lmaya&#8221;<\/em><br \/>\n<strong>1. Rekat <\/strong><br \/>\nNiyet &#8211; Tekbir &#8211; Vecceht\u00fc &#8211; E\u00fbz\u00fc Besmele &#8211; F\u00e2tiha &#8211; Bir s\u00fbre                      &#8211; R\u00fck\u00fc &#8211; \u0130tidal. Secde (iki) &#8211; \u0130kinci rekat i\u00e7in aya\u011fa kalk\u0131l\u0131r.<br \/>\n<strong>2. Rek&#8217;at<\/strong><br \/>\nBesmele &#8211; F\u00e2tiha &#8211; Bir s\u00fbre &#8211; R\u00fck\u00fc &#8211; \u0130tidal. Secde (iki) &#8211;                      Oturu\u015f &#8211; Ettehiyat, Di\u011fer Dualar, Selam<\/p>\n<p><em>&#8220;Niyet ettim Allah r\u0131zas\u0131 i\u00e7in bir rekat vitir namaz\u0131n\u0131                      k\u0131lmaya&#8221;<\/em><br \/>\n<strong>1. Rekat <\/strong><br \/>\nNiyet &#8211; Tekbir &#8211; Vecceht\u00fc &#8211; E\u00fbz\u00fc Besmele &#8211; F\u00e2tiha &#8211; Bir s\u00fbre                      &#8211; R\u00fcku &#8211; \u0130tidal. Secde (iki) &#8211; Oturu\u015f &#8211; Ettehiyat, Di\u011fer Dualar,                      Selam<\/p>\n<p><em>Vitir namaz\u0131 s\u00fcnneti m\u00fcekkeddir. Be\u015f vakit farz namazlara                      ba\u011fl\u0131 s\u00fcnnetlerin en faziletlisidir. Yats\u0131 namaz\u0131n\u0131n farz\u0131ndan                      ve s\u00fcnnetinden sonra k\u0131l\u0131n\u0131r. Vitir namaz\u0131n\u0131n en az\u0131 bir,                      en \u00e7o\u011fu onbir rekatt\u0131r. Kemal ve fazilet bak\u0131m\u0131ndan vasat\u0131                      \u00fc\u00e7 rekatt\u0131r.<\/em><\/p>\n","protected":false},"excerpt":{"rendered":"<p>(\u015eAF\u0130\u0130LER \u0130\u00c7\u0130N)<br \/>\nSAbAH NAMAZI; 4 REKATTIR. 2 S\u00dcNNET, 2 FARZ<br \/>\n2 REKAT S\u00dcNNET M\u00dcEKKED<br \/>\n&#8220;Niyet ettim Allah r\u0131zas\u0131 i\u00e7in sabah namaz\u0131n\u0131n                  &#8230;<\/p>\n","protected":false},"author":1,"featured_media":0,"parent":0,"menu_order":0,"comment_status":"open","ping_status":"open","template":"","meta":{"ngg_post_thumbnail":0,"footnotes":""},"_links":{"self":[{"href":"http:\/\/www.waynakh.com\/tr\/wp-json\/wp\/v2\/pages\/1470"}],"collection":[{"href":"http:\/\/www.waynakh.com\/tr\/wp-json\/wp\/v2\/pages"}],"about":[{"href":"http:\/\/www.waynakh.com\/tr\/wp-json\/wp\/v2\/types\/page"}],"author":[{"embeddable":true,"href":"http:\/\/www.waynakh.com\/tr\/wp-json\/wp\/v2\/users\/1"}],"replies":[{"embeddable":true,"href":"http:\/\/www.waynakh.com\/tr\/wp-json\/wp\/v2\/comments?post=1470"}],"version-history":[{"count":2,"href":"http:\/\/www.waynakh.com\/tr\/wp-json\/wp\/v2\/pages\/1470\/revisions"}],"predecessor-version":[{"id":2221,"href":"http:\/\/www.waynakh.com\/tr\/wp-json\/wp\/v2\/pages\/1470\/revisions\/2221"}],"wp:attachment":[{"href":"http:\/\/www.waynakh.com\/tr\/wp-json\/wp\/v2\/media?parent=1470"}],"curies":[{"name":"wp","href":"https:\/\/api.w.org\/{rel}","templated":true}]}}