{"id":1476,"date":"2009-01-27T17:09:03","date_gmt":"2009-01-28T00:09:03","guid":{"rendered":"http:\/\/www.waynakh.com\/tr\/?page_id=1476"},"modified":"2009-03-04T11:08:55","modified_gmt":"2009-03-04T18:08:55","slug":"namazlarda-okunan-dualar-ve-bazi-sureler-zamm-i-sure","status":"publish","type":"page","link":"http:\/\/www.waynakh.com\/tr\/namazlarda-okunan-dualar-ve-bazi-sureler-zamm-i-sure\/","title":{"rendered":"Namazlarda Okunan Dualar ve Baz\u0131 S\u00fbreler (Zamm-\u0131 S\u00fbre)"},"content":{"rendered":"<p style=\"text-align: justify;\"><strong><span style=\"color: #cc0000;\">DUALAR<\/span><\/strong><\/p>\n<p><strong><span style=\"color: #003399;\">Ettehiyyat\u00fc (Te\u015fehh\u00fcd)<\/span><br \/>\nOkunu\u015fu : <\/strong>Ettehiyyat\u00fc&#8217;l m\u00fcbareket\u00fcs salavat\u00fct tayyibat\u00fc                      lillahi. Esselamu aleyke eyy\u00fchen Nebiyy\u00fc ve rahmetullahi ve                      berekat\u00fch\u00fc. Es-selam\u00fc aleyna ve ala ibadillahissalihin. E\u015fhed\u00fc                      en la ilahe illallah ve e\u015fhed\u00fc enne Seyyidena Muhammeden Resul\u00fcllah.                      <!--more--><br \/>\n<strong>Manas\u0131 :<\/strong> M\u00fcbarek olan selamlar, iyi olan                      salatlar Allah i\u00e7indir. Ey Nebi! Allah&#8217;\u0131n selam\u0131, rahmet ve                      bereketleri senin \u00fczerine olsun. Selam bizim ve Allah&#8217;\u0131n salih                      kullar\u0131n\u0131n \u00fczerine olsun. \u015eehadet ederim ki: Allah&#8217;tan ba\u015fka                      ilah yoktur ve yine \u015fehadet ederim ki Efendimiz Muhammed (s.a.v)                      O&#8217;nun el\u00e7isidir.<\/p>\n<p><strong><span style=\"color: #003399;\">Salli ve Barik<\/span><\/strong><br \/>\n<strong>Okunu\u015fu : <\/strong>Allah\u00fcmme salli ala seyyidina Muhammedin                      ve ala ali seyyidina Muhammedin kema salleyte ala seyyidina                      ibrahime ve ala ali seyyidina ibrahime fi&#8217;l alemin. Rabbena                      inneke Hamidun Mecid.<br \/>\n<strong>Manas\u0131 :<\/strong> Ey Allah&#8217;\u0131m!.. Seyyidimiz Muhammed                      ve O&#8217;nun alinin \u00fczerine salat eyle, t\u0131pk\u0131 seyyidimiz \u0130brahim                      ve O&#8217;nun alinin \u00fczerine salat eyledi\u011fin gibi ve ayr\u0131ca seyyidimiz                      Muhammed ve onun alini bereketlendir, t\u0131pk\u0131 seyyidimiz \u0130brahim                      ve onun alini bereketli k\u0131ld\u0131\u011f\u0131n gibi. Rabbimiz \u015f\u00fcphesiz ki                      sen hamid ve mecidsin.<\/p>\n<p><strong><span style=\"color: #003399;\">Tevecc\u00fch (Vecceht\u00fc) Duas\u0131<\/span><\/strong><br \/>\n<strong>Okunu\u015fu : <\/strong>Vecceht\u00fc vechiye lillezi fetares &#8211; semavati                      ve&#8217;l arde hanifen m\u00fcslimen vema ene minel m\u00fc\u015frikin. \u0130nne salati                      ve n\u00fcsiki ve mahyaye ve memati lillahi rabbil alemine. La                      \u015ferike leh ve bizalike \u00fcmirt\u00fc ve ene minel m\u00fcslimin.<br \/>\n<strong>Manas\u0131 :<\/strong> \u015e\u00fcphesiz ki ben y\u00fcz\u00fcm\u00fc bir muvahhit                      olarak o yerleri ve g\u00f6kleri yaratm\u0131\u015f olan Allah&#8217;a y\u00f6nelttim.                      Ben m\u00fc\u015friklerden de\u011filim. \u015e\u00fcphesiz ki benim namaz\u0131m, ibadetlerim,                      hayat\u0131m ve \u00f6l\u00fcm\u00fcm hi\u00e7bir orta\u011f\u0131 olmayan alemlerin rabbi olan                      Allah i\u00e7indir. Senin orta\u011f\u0131n (\u015ferikin) yok. Ben ancak bununla                      emrolundum ve ben m\u00fcsl\u00fcmanlardan\u0131m.<\/p>\n<p><strong><span style=\"color: #003399;\">Kunut Duas\u0131<\/span><\/strong><br \/>\n<strong>Okunu\u015fu : <\/strong>Allah\u00fcmmehdini fi men hedeyte ve afini fi                      men afeyte ve tevelleni fi men tevelleyte ve barek li fima                      atayte ve k\u0131ni \u015ferra ma kadayte. Feinneke takdi vela yukda                      aleyke. Ve innehu la yezillu men valeyte vela yeizz\u00fc men adayte                      tebarekte Rabbena ve tealeyte. Felekel hamd\u00fc ala ma kadayte                      estagfirullahe Allah\u00fcmme ve et\u00fcb\u00fc ileyke ve sallallah\u00fc ala                      seyyidina Muhammedin ve ala alihi ve sahbihi ve sellem.<br \/>\n<strong>Manas\u0131 :<\/strong> Ey Allah&#8217;\u0131m hidayet ettiklerinle                      birlikte bana hidayet et, afiyet verdiklerinle bana afiyet                      ver. Dost edindiklerinle beraber beni dost edin. Bana verdi\u011fin                      \u015feylerde bereket ihsan et. Beni h\u00fckmetmi\u015f oldu\u011fun \u015feylerin                      \u015ferrinden de muhafaza et. \u015e\u00fcphesiz ki ancak sen h\u00fckmedersin.                      Senin aleyhine kim h\u00fckmedemez. Ve \u015f\u00fcphesizki dost edindi\u011fin                      kimse zelil olmaz ve d\u00fc\u015fman edindi\u011finde aziz olamaz. Ey Rabbimiz!..                      Sen ger\u00e7ekten m\u00fcbarek ve y\u00fccesin. H\u00fckmetmi\u015f oldu\u011fun \u015feyler                      \u00fczerine olan hamdler ancak sana mahsustur. Senden ma\u011ffiret                      talep ederim. Ey Allah&#8217;\u0131m ancak sana y\u00f6nelirim. (Allah) Seyyidimiz                      Muhammed (s.a.v)&#8217;e aline ve sahabesine salat ve selam eylesin.<\/p>\n<p><strong>NAMAZLARDA OKUNAN BAZI S\u00dbRELER (ZAMM-I S\u00dbRE):<\/p>\n<p><span style=\"color: #003399;\">F\u00e2tiha S\u00fbresi<\/span><br \/>\nOkunu\u015fu :<\/strong> Elhamd\u00fc lill\u00e2hi rabbil\u2019\u00e2lem\u00een.                      Errahm\u00e2nirrah\u00eem. M\u00e2liki yevmidd\u00een. \u0130yy\u00e2ke na\u2019b\u00fcd\u00fc                      ve iyy\u00e2ke neste\u2019\u00een. \u0130hdinas-s\u0131r\u00e2tal m\u00fcstek\u00eem.                      S\u0131r\u00e2tallez\u00eene en\u2019amte aleyhim gayrilmagd\u00fbbi aleyhim                      ve ledd\u00e2ll\u00een.<br \/>\n<strong>Manas\u0131 : <\/strong>Alemlerin rabbi, rahman ve rahim                      ve din g\u00fcn\u00fcn\u00fcn sahibi olan Allah&#8217;a hamdolsun. (Allah&#8217;\u0131m) Biz                      yaln\u0131zca sana ibadet eder ve yaln\u0131zca senden yard\u0131m dileriz.                      Bizi dosdo\u011fru yola ilet; kendilerine nimet verdiklerinin yoluna,                      gazaba u\u011frayan ve sap\u0131klar\u0131nkine de\u011fil.<\/p>\n<p><strong><span style=\"color: #003399;\">Fil S\u00fbresi<\/span><br \/>\nOkunu\u015fu : <\/strong>Elem tera keyfe fe\u2019ale rabb\u00fcke                      biesh\u00e2bilf\u00eel. Elem yec\u2019al keydeh\u00fcm f\u00ee tadl\u00eel. Ve ersele                      aleyhim tayran eb\u00e2b\u00eel. Term\u00eehim bihic\u00e2ratin min sicc\u00eel. Fece\u2019aleh\u00fcm                      ke\u2019asfin me\u2019k\u00fbl.<br \/>\n<strong>Manas\u0131 :<\/strong> Rabbinin fil sahiplerine neler yapt\u0131\u011f\u0131n\u0131                      g\u00f6rmedin mi? Onlar\u0131n oyun ve<br \/>\nplanlar\u0131n\u0131 bo\u015fa \u00e7\u0131karmad\u0131 m\u0131? \u00dczerlerine (s\u00fcr\u00fc s\u00fcr\u00fc) ebabil                      ku\u015flar\u0131n\u0131 g\u00f6nderdi. (Ku\u015flar) onlara pi\u015firilip sertle\u015ftirilmi\u015f                      bal\u00e7\u0131k ta\u015flar\u0131 at\u0131yorlard\u0131. Sonunda onlar\u0131, yenmi\u015f ekin yapra\u011f\u0131                      gibi k\u0131ld\u0131.<\/p>\n<p><strong><span style=\"color: #003399;\">Kurey\u015f S\u00fbresi<\/span><br \/>\nOkunu\u015fu : <\/strong>Li\u00eel\u00e2fi Kurey\u015fin. \u00cel\u00e2fihim rihlete\u015f\u015fit\u00e2i                      vessayf. Felya\u2019b\u00fcd\u00fb rabbe h\u00e2zelbeyt. Ellez\u00ee et\u2019ameh\u00fcm                      min c\u00fb\u2019in ve \u00e2meneh\u00fcm min havf.<br \/>\n<strong>Manas\u0131 :<\/strong> Kurey\u015fi bir araya getirip anla\u015ft\u0131rd\u0131\u011f\u0131;                      yaz-k\u0131\u015f yolculu\u011funda<br \/>\nonlar\u0131 (g\u00fcvenli\u011fe kavu\u015fturdu\u011fu veya ba\u015fkalar\u0131na.) \u0131s\u0131nd\u0131r\u0131p                      yak\u0131nla\u015ft\u0131rd\u0131\u011f\u0131 i\u00e7in (bundan b\u00f6yle) bu evin (Ka&#8217;be&#8217;nin) Rabbine                      kulluk etsinler. O rab ki kendilerini a\u00e7l\u0131ktan (kurtar\u0131p)                      doyurdu\u011fu ve onlar\u0131 korkudan g\u00fcvenli\u011fe kavu\u015fturdu.<\/p>\n<p><strong><span style=\"color: #003399;\">M\u00e2\u00fbn S\u00fbresi<\/span><br \/>\nOkunu\u015fu : <\/strong>Era eytellez\u00ee y\u00fckezzib\u00fc bidd\u00een. Fez\u00e2likellez\u00ee,                      yedu\u2019ulyet\u00eem ve l\u00e2 yehuddu al\u00e2 ta\u2019\u00e2milmisk\u00een.                      Feveyl\u00fcn lilmusall\u00een. Ellez\u00eene h\u00fcm an sal\u00e2tihim s\u00e2h\u00fbn. El-lez\u00eene                      h\u00fcm y\u00fcr\u00e2\u00fbne. Ve yemne\u2019\u00fbnelm\u00e2\u00fbn.<br \/>\n<strong>Manas\u0131 :<\/strong> G\u00f6rd\u00fcn m\u00fc o dini yalanlamakta olan\u0131.                      \u0130\u015fte yetimi itip kakan, yoksulu<br \/>\ndoyurmay\u0131 te\u015fvik etmeyen odur. (Ba\u015fkas\u0131n\u0131 kand\u0131rmak i\u00e7in ikiy\u00fczl\u00fcl\u00fckle)                      namaz k\u0131lanlann vay haline! Onlar, namaz\u0131ar\u0131nda yan\u0131lmaktad\u0131rlar.                      Onlar (ibadetlerinde) g\u00f6steri\u015f yapmaktad\u0131rlar ve (zekat ya                      da yard\u0131m\u0131n az\u0131n\u0131 dahi) vermezler.<\/p>\n<p><strong><span style=\"color: #003399;\">Kevser S\u00fbresi<\/span><br \/>\nOkunu\u015fu : <\/strong>\u0130nn\u00e2 e\u2019tayn\u00e2kelkevser.                      Fesalli lirabbike venhar. \u0130nne \u015f\u00e2nieke h\u00fcvel\u2019ebter.<br \/>\n<strong>Manas\u0131 :<\/strong> Hakikat, biz sana Kevser&#8217;i verdik.                      O halde Rabbin i\u00e7in namaz k\u0131l ve Kur&#8217;ban kes! Sana kin duyan                      (yok mu? I\u015fte as\u0131l) z\u00fcrriyetsiz olan \u015f\u00fcphesiz odur.<\/p>\n<p><strong><span style=\"color: #003399;\">K\u00e2fir\u00fbn S\u00fbresi<\/span><br \/>\nOkunu\u015fu : <\/strong>Kul y\u00e2 eyy\u00fchelk\u00e2fir\u00fbn. L\u00e2 a\u2019b\u00fcd\u00fc                      m\u00e2 ta\u2019b\u00fcd\u00fbn. Ve l\u00e2 ent\u00fcm \u00e2bid\u00fbne m\u00e2 a\u2019b\u00fcd. Ve                      l\u00e2 ene \u00e2bid\u00fcn m\u00e2 abedt\u00fcm. Ve l\u00e2 ent\u00fcm \u00e2bid\u00fbne m\u00e2 a\u2019b\u00fcd.                      Lek\u00fcm d\u00een\u00fck\u00fcm veliye d\u00een.<br \/>\n<strong>Manas\u0131 : <\/strong>(Ey Muhammed!) de ki: Ey inkar eden                      kafirler!.. Ben sizin tapmakta oldu\u011funuz putlara tapmam. Sizde                      benim ibadet etmekte oldu\u011fum (Allah&#8217;a) ibadet edicilerden                      de\u011filsiniz. Zaten ben sizin tapm\u0131\u015f olduklar\u0131n\u0131za tapan de\u011filim.                      Siz de hi\u00e7bir zaman benim ibadet etmekte oldu\u011fuma ibadet edicilerden                      de\u011filsiniz. Sizin (bat\u0131l olan) dininiz size, benim dinim de                      bana.<\/p>\n<p><strong><span style=\"color: #003399;\">Nasr S\u00fbresi<\/span><br \/>\nOkunu\u015fu : <\/strong>\u0130z\u00e2 c\u00e2e nasrullahi velfeth. Ve                      raeytenn\u00e2se yedhul\u00fbne f\u00ee d\u00eenill\u00e2hi efv\u00e2c\u00e2. Fesebbih bihamdi                      rabbike vestagfirh, \u0130nneh\u00fc k\u00e2ne tevv\u00e2b\u00e2.<br \/>\nManas\u0131 : (Ey Muhammed!) Allah&#8217;\u0131n yard\u0131m\u0131 ve Mekke&#8217;nin fethi                      gelipte insanlar\u0131n Allah&#8217;\u0131n dinine ak\u0131n ak\u0131n girdiklerini                      g\u00f6rd\u00fck\u00e7e art\u0131k Rabbini hamd ile tespih et. Ve ondan ba\u011f\u0131\u015flanma                      dile. \u00c7\u00fcnk\u00fc O tevbeleri \u00e7abuk kabul edendir.<\/p>\n<p><strong><span style=\"color: #003399;\">Tebbet S\u00fbresi<\/span><br \/>\nOkunu\u015fu : <\/strong>Tebbet yed\u00e2 eb\u00ee lehebin ve tebbe.                      M\u00e2 agn\u00e2 anh\u00fc m\u00e2l\u00fch\u00fb ve m\u00e2 keseb. Seyasl\u00e2 n\u00e2ren z\u00e2te leheb.                      Vemraet\u00fch\u00fb hamm\u00e2letelhatab. F\u00ee c\u00eedih\u00e2 habl\u00fcn min mesed.<br \/>\n<strong>Manas\u0131 :<\/strong> Ebu lehebin iki eli kurusun. (Kendisi                      de kurudu) O&#8217;na ne mal\u0131 ne de kazand\u0131\u011f\u0131 \u015feyler fayda vermedi.                      O, alevli bir ate\u015fe girecek. Kar\u0131s\u0131da odun hammal\u0131 olarak,                      boynunda b\u00fck\u00fclm\u00fc\u015f bir ip de oldu\u011fu halde.<\/p>\n<p><strong><span style=\"color: #003399;\">\u0130hl\u00e2s S\u00fbresi<\/span><br \/>\nOkunu\u015fu : <\/strong>Kul h\u00fcvall\u00e2h\u00fc ehad. All\u00e2h\u00fcssamed.                      Lem yelid ve lem y\u00fbled. Ve lem yek\u00fcn leh\u00fb k\u00fcf\u00fcven ehad.<br \/>\n<strong>Manas\u0131 :<\/strong> De ki: o Allah, birdir (e\u015fi yoktur).                      Allah sameddir yani her \u015fey O&#8217;na muhta\u00e7t\u0131r. O do\u011furmam\u0131\u015f ve                      do\u011frulmam\u0131\u015ft\u0131r. Ve hi\u00e7bir \u015fey O&#8217;nun dengi de\u011fildir.<\/p>\n<p><strong><span style=\"color: #003399;\">Fel\u00e2k S\u00fbresi<\/span><br \/>\nOkunu\u015fu : <\/strong>Kul e\u2019\u00fbz\u00fc birabbilfelak. Min                      \u015ferri m\u00e2 halak. Ve min \u015ferri g\u00e2sik\u0131n iz\u00e2 vekab.                      Ve min \u015ferrinneff\u00e2s\u00e2ti fil\u2019ukad. Ve min \u015ferri                      h\u00e2sidin iz\u00e2 hased.<br \/>\n<strong>Manas\u0131 :<\/strong> De ki: Yaratt\u0131\u011f\u0131 \u015feylerin \u015ferrinden                      (k\u00f6t\u00fcl\u00fcklerinden) sabah\u0131n rabbine s\u0131\u011f\u0131n\u0131r\u0131m. Karanl\u0131\u011f\u0131 \u00e7\u00f6kt\u00fc\u011f\u00fc                      zaman gecenin \u015ferrinden, (sihir i\u00e7in) d\u00fc\u011f\u00fcmlere \u00fcfleyen b\u00fcy\u00fcc\u00fclerin                      \u015ferrinden; ve hased etti\u011fi zaman, haset\u00e7inin \u015ferrinden (Allah&#8217;a                      s\u0131\u011f\u0131n\u0131r\u0131m)<\/p>\n<p><strong><span style=\"color: #003399;\">N\u00e2s S\u00fbresi<\/span><br \/>\nOkunu\u015fu : <\/strong>Kul e\u2019\u00fbz\u00fc birabbinn\u00e2si. Melikinn\u00e2si.                      \u0130l\u00e2hinn\u00e2s. Min \u015ferrilvesv\u00e2silhann\u00e2s. Ellez\u00ee y\u00fcvesvis\u00fc                      f\u00ee sud\u00fbrinn\u00e2si. Minelcinneti venn\u00e2s.<br \/>\n<strong>Manas\u0131 :<\/strong> Sinsice kalplere ku\u015fku sokan vesvesecinin                      \u015ferrinden insanlar\u0131n Rabbine s\u0131\u011f\u0131n\u0131r\u0131m, insanlar\u0131n melikine,                      insanlar\u0131n ger\u00e7ek ilah\u0131na (s\u0131\u011f\u0131n\u0131r\u0131m) \u0130nsanlar\u0131n kalplerine                      vesvese veren, gerek cinlerden, gerekse insanlardan olan (B\u00fct\u00fcn                      vesvesecilerin \u015ferrinden Allah&#8217;a s\u0131\u011f\u0131n\u0131r\u0131m)<\/p>\n<p><strong><span style=\"color: #003399;\">\u00c2yet-el K\u00fcrs\u00ee<\/span><br \/>\nOkunu\u015fu : <\/strong>Allah\u00fc l\u00e2 il\u00e2he ill\u00e2 h\u00fcvel hayy\u00fcl                      kayy\u00fbm. L\u00e2 te\u2019huz\u00fch\u00fb sinet\u00fcn ve l\u00e2 nevm. Leh\u00fb m\u00e2 fis-sem\u00e2v\u00e2ti                      vem\u00e2 fil erd. Menzellez\u00ee ye\u015ffeu indeh\u00fb ill\u00e2 biiznihi.                      ya\u2019lem\u00fc m\u00e2 beyne eyd\u00eehim vem\u00e2 halfeh\u00fcm vel\u00e2 y\u00fch\u00eet\u00fbne                      bi\u015fey\u2019in min ilmih\u00ee ill\u00e2 bim\u00e2 \u015f\u00e2e vesia k\u00fcrsiyy\u00fch\u00fcssem\u00e2v\u00e2ti                      vel erd. Vel\u00e2 ye\u00fbd\u00fch\u00fc h\u0131fzuhum\u00e2 ve h\u00fcvel aliyy\u00fcl az\u00eem.<br \/>\n<strong>Manas\u0131 :<\/strong> O \u00f6yle bir Allah&#8217;t\u0131r ki, O&#8217;ndan                      ba\u015fka ilah yoktur. O hayd\u0131r ve kayyumdur. O&#8217;nu ne uyuklama                      ne de uyku yakalar. Yerlerde ve g\u00f6klerde ne varsa hepsi O&#8217;nundur.                      O&#8217;nun iznii olmaks\u0131z\u0131n kimse O&#8217;nun indinde kim \u015fefaat edebilir.                      Kullar\u0131n \u00f6n\u00fcnde ve arkas\u0131nda olan \u015feyleri bilir. O&#8217;nun dile\u011finden                      ba\u015fka, ilminden hi\u00e7bir \u015feyi ku\u015fatamazlar. (kavrayamazlar).                      O&#8217;nun k\u00fcrs\u00fcs\u00fc g\u00f6kleri ve yeri i\u00e7ine alm\u0131\u015ft\u0131r. Ve yerler ile                      g\u00f6kleri korumak ona zor de\u011fildir. O y\u00fcce ve b\u00fcy\u00fck oland\u0131r.<\/p>\n","protected":false},"excerpt":{"rendered":"<p>DUALAR<br \/>\nEttehiyyat\u00fc (Te\u015fehh\u00fcd)<br \/>\nOkunu\u015fu : Ettehiyyat\u00fc&#8217;l m\u00fcbareket\u00fcs salavat\u00fct tayyibat\u00fc                      lillahi. Esselamu aleyke eyy\u00fchen Nebiyy\u00fc ve rahmetullahi &#8230;<\/p>\n","protected":false},"author":1,"featured_media":0,"parent":0,"menu_order":0,"comment_status":"closed","ping_status":"open","template":"","meta":{"ngg_post_thumbnail":0,"footnotes":""},"_links":{"self":[{"href":"http:\/\/www.waynakh.com\/tr\/wp-json\/wp\/v2\/pages\/1476"}],"collection":[{"href":"http:\/\/www.waynakh.com\/tr\/wp-json\/wp\/v2\/pages"}],"about":[{"href":"http:\/\/www.waynakh.com\/tr\/wp-json\/wp\/v2\/types\/page"}],"author":[{"embeddable":true,"href":"http:\/\/www.waynakh.com\/tr\/wp-json\/wp\/v2\/users\/1"}],"replies":[{"embeddable":true,"href":"http:\/\/www.waynakh.com\/tr\/wp-json\/wp\/v2\/comments?post=1476"}],"version-history":[{"count":2,"href":"http:\/\/www.waynakh.com\/tr\/wp-json\/wp\/v2\/pages\/1476\/revisions"}],"predecessor-version":[{"id":2216,"href":"http:\/\/www.waynakh.com\/tr\/wp-json\/wp\/v2\/pages\/1476\/revisions\/2216"}],"wp:attachment":[{"href":"http:\/\/www.waynakh.com\/tr\/wp-json\/wp\/v2\/media?parent=1476"}],"curies":[{"name":"wp","href":"https:\/\/api.w.org\/{rel}","templated":true}]}}