{"id":1537,"date":"2009-02-02T18:01:03","date_gmt":"2009-02-03T01:01:03","guid":{"rendered":"http:\/\/www.waynakh.com\/tr\/?page_id=1537"},"modified":"2009-02-02T18:03:27","modified_gmt":"2009-02-03T01:03:27","slug":"taymin-biybolat","status":"publish","type":"page","link":"http:\/\/www.waynakh.com\/tr\/taymin-biybolat\/","title":{"rendered":"TAYM\u0130N B\u0130YBOLAT"},"content":{"rendered":"<p style=\"text-align: justify;\"><a href=\"http:\/\/www.waynakh.com\/tr\/wp-content\/uploads\/2009\/02\/00001.jpg\"><img loading=\"lazy\" decoding=\"async\" class=\"alignright size-full wp-image-1540\" style=\"margin: 5px;\" title=\"00001\" src=\"http:\/\/www.waynakh.com\/tr\/wp-content\/uploads\/2009\/02\/00001.jpg\" alt=\"\" width=\"100\" height=\"128\" \/><\/a>1779 y\u0131l\u0131nda, \u00c7e\u00e7en b\u00f6lgesinde d\u00fcnyaya geldi.<\/p>\n<p style=\"text-align: justify;\">Cesareti ve askeri yetenekleri ile k\u0131sa zamanda ad\u0131n\u0131                            duyurdu ve halk\u0131 taraf\u0131ndan Meyra (Cesur) Biybolat olarak                            an\u0131lmaya ba\u015fland\u0131.<\/p>\n<p style=\"text-align: justify;\">1822 y\u0131l\u0131nda Kuzey Kafkasya ortak savunma                      hatt\u0131n\u0131n ikiye b\u00f6l\u00fcnmesi ve Do\u011fu Adigey(Kabardey) b\u00f6lgesi                      ile \u00c7e\u00e7en b\u00f6lgesinin bir k\u0131sm\u0131n\u0131n Ruslar taraf\u0131ndan i\u015fgaliyle                      sonu\u00e7lanan sava\u015flarda Kuzey Kafkasya Kuvvetlerinin bir b\u00f6l\u00fcm\u00fcn\u00fc                      komuta etti.<\/p>\n<p style=\"text-align: justify;\">Takip eden d\u00f6nemde i\u015fgal alt\u0131ndaki b\u00f6lgelerde yapt\u0131\u011f\u0131 bask\u0131nlarla                      Rus birliklerine b\u00fcy\u00fck kay\u0131plar verdirdi.<\/p>\n<p style=\"text-align: justify;\">Halk \u00fczerindeki etkisi ve ba\u015far\u0131lar\u0131, Rus ordular\u0131 ba\u015f kumandan\u0131                      General Yermolov\u2019un komutas\u0131ndaki birlikleri Biybolat\u2019\u0131n \u00fczerine                      y\u00f6nlendirdi. \u0130ngu\u015f b\u00f6lgesinde sa\u011f kolu Tsi\u00e7oya Janbulat\u2019\u0131                      ele ge\u00e7irmeyi ba\u015fararak idam eden bu birliklerin b\u00fcy\u00fck \u00e7abalar\u0131na                      ra\u011fmen Meyra\u2019y\u0131 ele ge\u00e7irme giri\u015fimleri sonu\u00e7suz kald\u0131.<\/p>\n<p style=\"text-align: justify;\">Giderek \u015fiddetlenen \u00e7arp\u0131\u015fmalarda Rus kay\u0131plar\u0131n\u0131n artmas\u0131                      \u00fczerine, kendiside Biybolat\u2019\u0131n elinden son anda kurtulan Yermolov                      taktik de\u011fi\u015ftirdi ve sivil halka uygulanan bask\u0131y\u0131 art\u0131rarak,                      Biybolat\u2019\u0131n ba\u015f\u0131n\u0131 getirene b\u00fcy\u00fck miktarlarda para \u00f6d\u00fcl\u00fc verilece\u011fini                      bildirdi<\/p>\n<p style=\"text-align: justify;\">Sivillerin durumunun giderek a\u011f\u0131rla\u015fmas\u0131 \u00fczerine Yermolov\u2019la                      y\u00fcz y\u00fcze g\u00f6r\u00fc\u015fen Biybolat, istedi\u011fi antla\u015fma \u015fartlar\u0131n\u0131n kabul                      edilmesiyle Sunje Kale&#8217;de(Grozni) teslim oldu. Ancak Ruslar\u2019\u0131n                      antla\u015fma \u015fartlar\u0131na uymamas\u0131 \u00c7e\u00e7enlerin Sunjekale\u2019yi basarak                      Meyra\u2019y\u0131 kurtarmalar\u0131 ile sonu\u00e7land\u0131. Ve birliklerinin ba\u015f\u0131na                      ya\u015fam\u0131n\u0131n sonuna kadar sava\u015fmak \u00fczere geri d\u00f6nd\u00fc.<\/p>\n<p style=\"text-align: justify;\">Taymi Meyra Biybolat, Gazikumuk han\u0131 Salat\u2019\u0131n ihanetiyle 1831                      y\u0131l\u0131nda \u015fehid edildi.<\/p>\n","protected":false},"excerpt":{"rendered":"<p>1779 y\u0131l\u0131nda, \u00c7e\u00e7en b\u00f6lgesinde d\u00fcnyaya geldi.<br \/>\nCesareti ve askeri yetenekleri ile k\u0131sa zamanda ad\u0131n\u0131                       &#8230;<\/p>\n","protected":false},"author":1,"featured_media":0,"parent":0,"menu_order":0,"comment_status":"open","ping_status":"open","template":"","meta":{"ngg_post_thumbnail":0,"footnotes":""},"_links":{"self":[{"href":"http:\/\/www.waynakh.com\/tr\/wp-json\/wp\/v2\/pages\/1537"}],"collection":[{"href":"http:\/\/www.waynakh.com\/tr\/wp-json\/wp\/v2\/pages"}],"about":[{"href":"http:\/\/www.waynakh.com\/tr\/wp-json\/wp\/v2\/types\/page"}],"author":[{"embeddable":true,"href":"http:\/\/www.waynakh.com\/tr\/wp-json\/wp\/v2\/users\/1"}],"replies":[{"embeddable":true,"href":"http:\/\/www.waynakh.com\/tr\/wp-json\/wp\/v2\/comments?post=1537"}],"version-history":[{"count":6,"href":"http:\/\/www.waynakh.com\/tr\/wp-json\/wp\/v2\/pages\/1537\/revisions"}],"predecessor-version":[{"id":1544,"href":"http:\/\/www.waynakh.com\/tr\/wp-json\/wp\/v2\/pages\/1537\/revisions\/1544"}],"wp:attachment":[{"href":"http:\/\/www.waynakh.com\/tr\/wp-json\/wp\/v2\/media?parent=1537"}],"curies":[{"name":"wp","href":"https:\/\/api.w.org\/{rel}","templated":true}]}}