{"id":1553,"date":"2009-02-02T18:09:27","date_gmt":"2009-02-03T01:09:27","guid":{"rendered":"http:\/\/www.waynakh.com\/tr\/?page_id=1553"},"modified":"2009-02-02T18:11:26","modified_gmt":"2009-02-03T01:11:26","slug":"vassan-giray-cabagi","status":"publish","type":"page","link":"http:\/\/www.waynakh.com\/tr\/vassan-giray-cabagi\/","title":{"rendered":"VASSAN G\u0130RAY CABAG\u0130"},"content":{"rendered":"<p style=\"text-align: justify;\"><a href=\"http:\/\/www.waynakh.com\/tr\/wp-content\/uploads\/2009\/02\/vcabagi.jpg\"><img loading=\"lazy\" decoding=\"async\" class=\"alignright size-full wp-image-1556\" style=\"margin: 5px;\" title=\"vcabagi\" src=\"http:\/\/www.waynakh.com\/tr\/wp-content\/uploads\/2009\/02\/vcabagi.jpg\" alt=\"\" width=\"80\" height=\"100\" \/><\/a>Siyaset ve devlet adam\u0131, gazeteci ve yazar. 1882 y\u0131l\u0131nda                            Kafkasya&#8217;n\u0131n ingu\u015f y\u00f6resinde Nas\u0131rkort (Nazran) kasabas\u0131nda                            do\u011fdu. Terekkale (Vladikavkaz) Lisesi&#8217;ni (1900) bitirdikten                            sonra Petersburg ve Riga \u00dcniversitelerinde bir s\u00fcre                            \u00f6\u011frenim g\u00f6rd\u00fc. Rusya&#8217;daki kar\u0131\u015f\u0131kl\u0131klar ve \u00f6\u011frenci olaylar\u0131                            nedeniyle daha sonra Almanya&#8217;ya ge\u00e7erek Jena kentindeki                            Ziraat Enstit\u00fcs\u00fc&#8217;n\u00fc bitirdi (1908).<\/p>\n<p style=\"text-align: justify;\">Petersburg&#8217;da Tar\u0131m Bakanl\u0131\u011f\u0131 b\u00fcnyesinde g\u00f6rev ald\u0131. 1917                      ihtilalinden \u00f6nceki y\u0131llarda Petersburg&#8217;daki milliyet\u00e7i Kafkasyal\u0131                      gruplar i\u00e7inde faaliyet g\u00f6sterdi. Daha sonra Kafkasya&#8217;ya d\u00f6nerek                      anayurdunun devletle\u015fme ve ba\u011f\u0131ms\u0131zl\u0131k hareketine kat\u0131ld\u0131.                      &#8220;Kuzey Kafkasya Merkez icra Komitesi&#8221;nin aktif bir                      \u00fcyesi olarak g\u00f6revler ald\u0131. 11 May\u0131s 1918&#8217;de ilan edilen ba\u011f\u0131ms\u0131z                      &#8220;Kuzey Kafkasya Cumhuriyeti&#8221;nin h\u00fck\u00fcmetlerinde Maliye                      Bakanl\u0131\u011f\u0131 ve Parlamento Ba\u015fkanl\u0131\u011f\u0131 g\u00f6revlerinde bulundu.<\/p>\n<p style=\"text-align: justify;\">\u00c7e\u00e7en-\u0130ngu\u015f y\u00f6resinin Rus-Kazak kolonizat\u00f6rlerinden temizlenmesi                      i\u00e7in yap\u0131lan silahl\u0131 m\u00fccadeleye ve \u00c7arc\u0131 General Denikin&#8217;in                      &#8220;G\u00f6n\u00fcll\u00fc Ordu&#8221;suna kar\u015f\u0131 olu\u015fan direni\u015f hareketine                      aktif olarak kat\u0131ld\u0131. \u00dclkenin &#8220;G\u00f6n\u00fcll\u00fc Ordu&#8221; taraf\u0131ndan                      i\u015fgalinden sonra da G\u00fcrcistan&#8217;a ge\u00e7erek &#8220;General Denikin&#8217;le                      Sava\u015f Komitesi&#8221;nde yer ald\u0131 (1920). Kafkasya&#8217;n\u0131n b\u00fct\u00fcn\u00fcyle                      Bol\u015fevikler taraf\u0131ndan i\u015fgali \u00fczerine T\u00fcrkiye&#8217;ye iltica etti                      (1921).<\/p>\n<p style=\"text-align: justify;\">\u0130stanbul&#8217;da Kuzey Kafkasya, Azerbaycan ve G\u00fcrcistan siyasi                      gruplar\u0131n\u0131 bir araya getiren &#8220;Kafkasya istiklal Komitesi&#8221;nin                      kurucular\u0131ndan biri oldu (1922). Daha sonra kendisinin de                      yerle\u015fti\u011fi Var\u015fova&#8217;da (Polonya), Sovyetler Birli\u011fi&#8217;ndeki hemen                      t\u00fcm halklar\u0131n \u00f6rg\u00fctlerinin kat\u0131ld\u0131\u011f\u0131 &#8220;Promethee&#8221;                      hareketinde aktif rol oynad\u0131. 1924 y\u0131l\u0131nda istanbul&#8217;da &#8220;Tanin&#8221;                      ve &#8220;La Republique&#8221; gazetelerinde \u00e7al\u0131\u015fan ve yaz\u0131lar                      yazan Caba\u011f\u0131, daha sonra Polonya&#8217;ya d\u00f6nerek orada &#8220;Orient&#8221;                      (Do\u011fu) ad\u0131yla bir bas\u0131n ajans\u0131 kurdu. T\u00fcrkiye ve Kafkasya                      konular\u0131 \u00fczerine s\u00fcrekli bilgiler vermek suretiyle Avrupa                      bas\u0131n\u0131n\u0131 bu konularda ayd\u0131nlatmaya \u00e7al\u0131\u015ft\u0131. Polonez dilinde                      olu\u015fturdu\u011fu &#8220;Przeglad \u0130slamskiy&#8221; (\u0130slam Dergisi)                      adl\u0131 yay\u0131n\u0131 ile de Polonya ve Avrupa&#8217;da ayn\u0131 konular\u0131 ve islam                      dinini sekiz y\u0131l s\u00fcreyle tan\u0131tmay\u0131 s\u00fcrd\u00fcrd\u00fc.<\/p>\n<p style=\"text-align: justify;\">1938 y\u0131l\u0131nda Polonya H\u00fck\u00fcmetinin resmi PAT Ajans\u0131n\u0131n m\u00fcmessili                      olarak T\u00fcrkiye&#8217;ye gelen Caba\u011f\u0131, T\u00fcrkiye-Polonya dostlu\u011fu konusunda                      gayretler sarf etti\u011fi gibi, yaz\u0131lar\u0131yla da T\u00fcrkiye&#8217;yi Avrupa                      bas\u0131n\u0131nda tan\u0131tmaya \u00e7al\u0131\u015f\u0131yordu. \u0130kinci D\u00fcnya Sava\u015f\u0131 s\u0131ras\u0131nda                      (1942) di\u011fer Kafkasyal\u0131 liderler aras\u0131nda Berlin&#8217;e giden Vassan                      Giray Caba\u011f\u0131 burada da ba\u011f\u0131ms\u0131z Kuzey Kafkasya i\u00e7in faaliyette                      bulundu. 1949 y\u0131l\u0131nda Kafkasya&#8217;l\u0131 bir grup hem\u015fehrisiyle birlikte                      T\u00fcrkiye&#8217;ye d\u00f6nd\u00fc. Bundan sonra da T\u00fcrkiye ve Avrupa&#8217;da Kafkasyal\u0131lar                      taraf\u0131ndan yay\u0131nlanan \u00e7e\u015fitli yay\u0131n organlar\u0131nda yaz\u0131 yazmay\u0131                      s\u00fcrd\u00fcrd\u00fc. 1951 y\u0131l\u0131nda istanbul&#8217;da kurulan &#8220;Kuzey Kafkasyal\u0131lar                      K\u00fclt\u00fcr ve Yard\u0131mla\u015fma Derne\u011fi&#8221;nin kurucular\u0131 aras\u0131nda                      yer alm\u0131\u015ft\u0131. 18 Ekim 1961 g\u00fcn\u00fc istanbul&#8217;da \u00f6l\u00fcnceye kadar                      da kalemi elinden d\u00fc\u015fmedi ve anayurdunun \u00f6zg\u00fcrl\u00fck ve ba\u011f\u0131ms\u0131zl\u0131\u011f\u0131                      i\u00e7in sava\u015f\u0131m\u0131n\u0131 s\u00fcrd\u00fcrd\u00fc.<\/p>\n<p style=\"text-align: justify;\">\u00c7e\u00e7en-\u0130ngu\u015f dilini, T\u00fcrk\u00e7e, Rus\u00e7a, Frans\u0131zca, Polonezce, Almanca                      ve \u0130ngilizce&#8217;yi bilen Vassan Giray Caba\u011f\u0131, T\u00fcrkiye&#8217;de &#8220;Tanin&#8221;,                      &#8220;La Republique&#8221; gazeteleri, &#8220;Kafkas Mecmuas\u0131&#8221;                      ; Almanya&#8217;da &#8220;Caucasian Review&#8221; &#8220;Svobodn\u0131y                      Kavkaz-Serbest Kafkasya&#8221;, &#8220;Mecelle&#8221;, &#8220;Kavkaz-Kafkasya&#8221;                      vb. dergilerde anayurdu ile ilgili \u00e7ok say\u0131da makaleler yay\u0131mlam\u0131\u015ft\u0131r.                      Bunlardan baz\u0131lar\u0131nda &#8220;Turpal&#8221; vd.takma isimler                      de kullanmaktad\u0131r. Bunlar d\u0131\u015f\u0131nda, \u00f6l\u00fcm\u00fcnden sonra T\u00fcrk\u00e7e                      olarak yay\u0131nlanan &#8220;Kafkas-Rus M\u00fccadelesi&#8221; (istanbul                      1967) adl\u0131 bir eseri de vard\u0131r.<\/p>\n","protected":false},"excerpt":{"rendered":"<p>Siyaset ve devlet adam\u0131, gazeteci ve yazar. 1882 y\u0131l\u0131nda                           &#8230;<\/p>\n","protected":false},"author":1,"featured_media":0,"parent":0,"menu_order":0,"comment_status":"open","ping_status":"open","template":"","meta":{"ngg_post_thumbnail":0,"footnotes":""},"_links":{"self":[{"href":"http:\/\/www.waynakh.com\/tr\/wp-json\/wp\/v2\/pages\/1553"}],"collection":[{"href":"http:\/\/www.waynakh.com\/tr\/wp-json\/wp\/v2\/pages"}],"about":[{"href":"http:\/\/www.waynakh.com\/tr\/wp-json\/wp\/v2\/types\/page"}],"author":[{"embeddable":true,"href":"http:\/\/www.waynakh.com\/tr\/wp-json\/wp\/v2\/users\/1"}],"replies":[{"embeddable":true,"href":"http:\/\/www.waynakh.com\/tr\/wp-json\/wp\/v2\/comments?post=1553"}],"version-history":[{"count":2,"href":"http:\/\/www.waynakh.com\/tr\/wp-json\/wp\/v2\/pages\/1553\/revisions"}],"predecessor-version":[{"id":1557,"href":"http:\/\/www.waynakh.com\/tr\/wp-json\/wp\/v2\/pages\/1553\/revisions\/1557"}],"wp:attachment":[{"href":"http:\/\/www.waynakh.com\/tr\/wp-json\/wp\/v2\/media?parent=1553"}],"curies":[{"name":"wp","href":"https:\/\/api.w.org\/{rel}","templated":true}]}}