{"id":4914,"date":"2009-07-21T16:54:13","date_gmt":"2009-07-21T13:54:13","guid":{"rendered":"http:\/\/www.waynakh.com\/tr\/?page_id=4914"},"modified":"2009-07-21T16:57:13","modified_gmt":"2009-07-21T13:57:13","slug":"zamir-yusaev","status":"publish","type":"page","link":"http:\/\/www.waynakh.com\/tr\/zamir-yusaev\/","title":{"rendered":"Zamir Yu\u0161aev"},"content":{"rendered":"<p style=\"text-align: justify;\"><img loading=\"lazy\" decoding=\"async\" class=\"alignright size-full wp-image-4915\" title=\"zamir-yushaev\" src=\"http:\/\/www.waynakh.com\/tr\/wp-content\/uploads\/2009\/07\/zamir-yushaev.jpg\" alt=\"zamir-yushaev\" width=\"150\" height=\"150\" \/>H\u00fcnerli \u00c7e\u00e7en ressam Zamir Yushaev Da\u011f\u0131stan\u2019\u0131n Khasavyurt kentinde 22 Nisan 1965 tarihinde amat\u00f6r bir ressam baban\u0131n \u00e7ocu\u011fu olarak d\u00fcnyaya geldi.<\/p>\n<p style=\"text-align: justify;\">Ressaml\u0131k konusundaki ilk e\u011fitimini Mahachkala kentindeki Sanat Koleji\u2019nde ald\u0131. 1987-1992 y\u0131llar\u0131 aras\u0131nda St.Petersburg\u2019daki Repin Enstit\u00fcs\u00fc\u2019nde e\u011fitimini s\u00fcrd\u00fcren Zamir, 1992-1997 y\u0131llar\u0131 aras\u0131nda Almanya\u2019n\u0131n Leipzig kentinde e\u011fitimine devam etti. Halen Almanya\u2019da ya\u015fayan ve \u00e7al\u0131\u015fan Zamir Yushaev, 2002 y\u0131l\u0131nda Kar Heykel Yar\u0131\u015fmas\u0131\u2019na kat\u0131larak bu yar\u0131\u015fmay\u0131 kazand\u0131.<\/p>\n<p style=\"text-align: justify;\">Zamir Yushaev\u2019in Ki\u015fisel Sergileri ve Eserlerinin Yer Ald\u0131\u011f\u0131 Sergiler<\/p>\n<p style=\"text-align: justify;\">1986   Gezici Kafkasya Sanatlar\u0131 Sergisi (Grozny, Nalchik ve Mahachkala)<\/p>\n<p style=\"text-align: justify;\">1986   Grozny\u2019deki \u00c7e\u00e7en-\u0130ngu\u015f Ressamlar\u0131n Sergisi<\/p>\n<p style=\"text-align: justify;\">1987   Leningrad\u2019daki Yerel Gen\u00e7 Ressamlar Sergisi<\/p>\n<p style=\"text-align: justify;\">1993   Almanya, Leipzig\u2019te Romanus Haus Galerisi\u2019nde bir sergi<\/p>\n<p style=\"text-align: justify;\">1993   Almanya\u2019n\u0131n Bonn kentinde \u00f6\u011frencilerin Alman ulusal sergisi<\/p>\n<p style=\"text-align: justify;\">1994   Almanya, Leipzig\u2019teki Rusya Konsoloslu\u011fu\u2019nda ki\u015fisel sergi<\/p>\n<p style=\"text-align: justify;\">1994   Almanya\u2019n\u0131n Bonn kentinde Alman ulusal sergisi \u201cGedankenflug\u201d<\/p>\n<p style=\"text-align: justify;\">1994   Nuremburg\u2019daki Alman Ulusal M\u00fczesinde Ta\u015fbask\u0131 Sergisi-Yar\u0131\u015fmas\u0131<\/p>\n<p style=\"text-align: justify;\">1995   Almanya, Leipzig, \u201cAm Burgkeller\u201d galerisinde ki\u015fisel sergi<\/p>\n<p style=\"text-align: justify;\">1996   Almanya, Leipzig, \u201cAtrium\u201d galerisinde Rusya\u2019dan ressamlar sergisi<\/p>\n<p style=\"text-align: justify;\">1997   Almanya, Leipzig, Alman-Rus Merkezi\u2019nde ki\u015fisel sergi<\/p>\n<p style=\"text-align: justify;\">1998   Berlin \u201cPrizmahaus\u201d da uluslararas\u0131 sergi<\/p>\n<p style=\"text-align: justify;\">1999   Almanya, Leipzig, Leipzin\u2019in Ressamlar\u0131 Sergisi<\/p>\n<p style=\"text-align: justify;\">1999   Barselona\u2019da Uluslararas\u0131 Sergi<\/p>\n<p style=\"text-align: justify;\">2000   Almanya, Leipzig, \u201cOstevropakontakt\u201d da ki\u015fisel sergi<\/p>\n<p style=\"text-align: justify;\">2001   Yumashev karde\u015flerin Izerlon\u2019daki sergisi<\/p>\n<p style=\"text-align: justify;\">2002   Almanya, Leipzig, \u00dcnl\u00fc Almanlar\u0131 Portleri Sergisi<\/p>\n<p style=\"text-align: justify;\">2003   Fransa, Strasbourg, Ki\u015fisel Sergi<\/p>\n","protected":false},"excerpt":{"rendered":"<p>H\u00fcnerli \u00c7e\u00e7en ressam Zamir Yushaev Da\u011f\u0131stan\u2019\u0131n Khasavyurt kentinde 22 Nisan 1965 tarihinde amat\u00f6r bir ressam baban\u0131n \u00e7ocu\u011fu olarak d\u00fcnyaya geldi.<br \/>\nRessaml\u0131k konusundaki ilk e\u011fitimini Mahachkala kentindeki Sanat Koleji\u2019nde ald\u0131. 1987-1992 y\u0131llar\u0131 aras\u0131nda St.Petersburg\u2019daki Repin Enstit\u00fcs\u00fc\u2019nde e\u011fitimini &#8230;<\/p>\n","protected":false},"author":1,"featured_media":0,"parent":0,"menu_order":0,"comment_status":"open","ping_status":"open","template":"","meta":{"ngg_post_thumbnail":0,"footnotes":""},"_links":{"self":[{"href":"http:\/\/www.waynakh.com\/tr\/wp-json\/wp\/v2\/pages\/4914"}],"collection":[{"href":"http:\/\/www.waynakh.com\/tr\/wp-json\/wp\/v2\/pages"}],"about":[{"href":"http:\/\/www.waynakh.com\/tr\/wp-json\/wp\/v2\/types\/page"}],"author":[{"embeddable":true,"href":"http:\/\/www.waynakh.com\/tr\/wp-json\/wp\/v2\/users\/1"}],"replies":[{"embeddable":true,"href":"http:\/\/www.waynakh.com\/tr\/wp-json\/wp\/v2\/comments?post=4914"}],"version-history":[{"count":4,"href":"http:\/\/www.waynakh.com\/tr\/wp-json\/wp\/v2\/pages\/4914\/revisions"}],"predecessor-version":[{"id":4920,"href":"http:\/\/www.waynakh.com\/tr\/wp-json\/wp\/v2\/pages\/4914\/revisions\/4920"}],"wp:attachment":[{"href":"http:\/\/www.waynakh.com\/tr\/wp-json\/wp\/v2\/media?parent=4914"}],"curies":[{"name":"wp","href":"https:\/\/api.w.org\/{rel}","templated":true}]}}