{"id":4962,"date":"2009-07-21T20:01:47","date_gmt":"2009-07-21T17:01:47","guid":{"rendered":"http:\/\/www.waynakh.com\/tr\/?page_id=4962"},"modified":"2009-07-21T20:01:47","modified_gmt":"2009-07-21T17:01:47","slug":"apti-bisultanov","status":"publish","type":"page","link":"http:\/\/www.waynakh.com\/tr\/apti-bisultanov\/","title":{"rendered":"Apti Bisultanov"},"content":{"rendered":"<p style=\"text-align: justify;\"><img loading=\"lazy\" decoding=\"async\" class=\"alignright size-full wp-image-4963\" title=\"apti-bisultanov\" src=\"http:\/\/www.waynakh.com\/tr\/wp-content\/uploads\/2009\/07\/apti-bisultanov.jpg\" alt=\"apti-bisultanov\" width=\"150\" height=\"150\" \/>Apti Bisultanov 1959 y\u0131l\u0131nda \u00c7e\u00e7enya\u2019n\u0131n Urus Martan kenti yak\u0131nlar\u0131ndaki Goichu k\u00f6y\u00fcnde do\u011fdu. Babas\u0131 II.D\u00fcnya Sava\u015f\u0131\u2019ndan yaral\u0131 olarak d\u00f6n\u00fcp \u00f6ld\u00fc\u011f\u00fc i\u00e7in, gen\u00e7 ya\u015f\u0131nda ailesinin sorumlulu\u011funu \u00fcstlendi. 1977 \u2013 1982 y\u0131llar\u0131 aras\u0131nda Grozny\u2019deki \u00c7e\u00e7en \u0130ngu\u015f Cumhuriyeti Devlet \u00dcniversitesi\u2019nde filoloji e\u011fitimi alan Bisultanov, \u00fcst d\u00fczey bir \u00f6\u011fretim g\u00f6revlisi, bir edit\u00f6r ve bir yay\u0131nc\u0131 olarak \u00e7al\u0131\u015ft\u0131.<\/p>\n<p style=\"text-align: justify;\">Apti Bisultanov I.\u00c7e\u00e7en Ulusal Kongresi\u2019nin d\u00fczenlenmesi i\u00e7in \u00e7al\u0131\u015fan grupta da yer ald\u0131. Haz\u0131rl\u0131k komitesi onun ofisinde bir araya geldi. 1995 y\u0131l\u0131nda Polonya\u2019n\u0131n Krakow kentinde \u00c7e\u00e7en Enformasyon Merkezi\u2019ni kurdu. 1997 y\u0131l\u0131nda \u00c7e\u00e7en k\u00fclt\u00fcr\u00fcn\u00fcn tan\u0131t\u0131lmas\u0131 ve bu konuda ara\u015ft\u0131rmalar y\u00fcr\u00fct\u00fclmesi amac\u0131yla LAM isimli olu\u015fumu kurdu, icra m\u00fcd\u00fcr\u00fc olarak Amerika Birle\u015fik Devletleri\u2019ne seyahat etti. 1999 y\u0131l\u0131nda toplumsal sorunlar\u0131n \u00e7\u00f6z\u00fcm\u00fcnde \u00e7al\u0131\u015fmas\u0131 i\u00e7in \u00c7e\u00e7en Cumhuriyeti \u0130\u00e7kerya h\u00fck\u00fcmeti Sosyal \u0130\u015fler Bakan\u0131 Yard\u0131mc\u0131s\u0131 olarak atand\u0131. Do\u011fdu\u011fu k\u00f6y olan Goichu i\u015fgalci Rus askeri g\u00fc\u00e7lerinin bombard\u0131man\u0131yla tamamen yok edilince 2000 y\u0131l\u0131nda Aslan Maskhadov komutas\u0131ndaki birliklerle da\u011flara \u00e7ekildi. 2005 y\u0131l\u0131nda \u0130\u00e7kerya h\u00fck\u00fcmetine Sosyal \u0130\u015fler Bakan\u0131 olarak atand\u0131. May\u0131s 2006\u2019da \u0130\u00e7kerya Devlet Ba\u015fkan\u0131\u2019n\u0131n uluslararas\u0131 organizasyonlar i\u00e7in \u00f6zel temsilcisi olarak g\u00f6revlendirildi.<\/p>\n<p style=\"text-align: justify;\">Yazmaya hen\u00fcz 7 ya\u015f\u0131ndayken ba\u015flayan Apti Bisultanov\u2019un \u00e7al\u0131\u015fmalar\u0131 pek \u00e7ok edebi yay\u0131nda yer ald\u0131. 1986 y\u0131l\u0131nda \u201cNokh &#8211; Tse &#8211; Tcho (Pulluk &#8211; Ate\u015f &#8211; Ev)\u201d isimli ilk kitab\u0131 yay\u0131nland\u0131. Bisultanov\u2019un ikinci kitab\u0131 1988 y\u0131l\u0131nda \u201cZkha Illy (Bir S\u00f6ylence)\u201d ismiyle bas\u0131ld\u0131. 1991 y\u0131l\u0131nda bas\u0131lan  \u00c7e\u00e7en halk\u0131n\u0131n Stalin taraf\u0131ndan 1944 y\u0131l\u0131nda g\u00f6nderildi\u011fi s\u00fcrg\u00fcn\u00fcn kurbanlar\u0131 i\u00e7in yazd\u0131\u011f\u0131 \u015fiirlerinin yer ald\u0131\u011f\u0131 \u201cTkesan Indare (Y\u0131ld\u0131r\u0131m\u0131n G\u00f6lgeleri)\u201d isimli kitab\u0131yla 1992 y\u0131l\u0131nda \u201c\u00c7e\u00e7en Halk\u0131n\u0131n Edebiyat \u00d6d\u00fcl\u00fc\u201d isimli ulusal \u00f6d\u00fclle onurland\u0131r\u0131ld\u0131.<\/p>\n<p style=\"text-align: justify;\">Eserlerini \u00c7e\u00e7ence yazan Apti Bisultanov\u2019un \u00e7al\u0131\u015fmalar\u0131 T\u00fcrk\u00e7e, Rus\u00e7a, Almanca ve \u0130ngilizce gibi pek \u00e7ok dile terc\u00fcme edilmi\u015ftir. 1982 ile 2003 y\u0131llar\u0131 aras\u0131nda yazd\u0131\u011f\u0131 \u015fiirlerini \u201cSchatten eines Blitzes (Y\u0131ld\u0131r\u0131m\u0131n G\u00f6lgeleri)\u201d isimli kitapla Almanca\u2019ya \u00e7evrilmi\u015f ve 2004 y\u0131l\u0131nda yay\u0131nlanm\u0131\u015ft\u0131r. Apti Bisultanov\u2019un \u015fiirlerinde a\u011fdal\u0131 benzetmelerle s\u00fcsl\u00fc filozofik ve sembolik kavramlar bir arada g\u00f6r\u00fcl\u00fcr.<\/p>\n<p style=\"text-align: justify;\">2002 y\u0131l\u0131ndan bu yana Almanya\u2019da ikamet eden Apti Bisultanov, uluslararas\u0131 gazeteciler cemiyeti PEN\u2019in bir \u00fcyesi, Rus-Fin Gazeteciler Birli\u011fi\u2019nin ise fahri \u00fcyesidir. 2003 y\u0131l\u0131nda Rotterdam\u2019da T\u00fcm Uluslar\u0131n \u015eiirleri Vakf\u0131\u2019n\u0131n \u00f6zel \u00f6d\u00fcl\u00fcne lay\u0131k g\u00f6r\u00fclm\u00fc\u015ft\u00fcr.<\/p>\n","protected":false},"excerpt":{"rendered":"<p>Apti Bisultanov 1959 y\u0131l\u0131nda \u00c7e\u00e7enya\u2019n\u0131n Urus Martan kenti yak\u0131nlar\u0131ndaki Goichu k\u00f6y\u00fcnde do\u011fdu. Babas\u0131 II.D\u00fcnya Sava\u015f\u0131\u2019ndan yaral\u0131 olarak d\u00f6n\u00fcp \u00f6ld\u00fc\u011f\u00fc i\u00e7in, gen\u00e7 ya\u015f\u0131nda ailesinin sorumlulu\u011funu \u00fcstlendi. 1977 \u2013 1982 y\u0131llar\u0131 aras\u0131nda Grozny\u2019deki \u00c7e\u00e7en \u0130ngu\u015f Cumhuriyeti Devlet &#8230;<\/p>\n","protected":false},"author":1,"featured_media":0,"parent":0,"menu_order":0,"comment_status":"open","ping_status":"open","template":"","meta":{"ngg_post_thumbnail":0,"footnotes":""},"_links":{"self":[{"href":"http:\/\/www.waynakh.com\/tr\/wp-json\/wp\/v2\/pages\/4962"}],"collection":[{"href":"http:\/\/www.waynakh.com\/tr\/wp-json\/wp\/v2\/pages"}],"about":[{"href":"http:\/\/www.waynakh.com\/tr\/wp-json\/wp\/v2\/types\/page"}],"author":[{"embeddable":true,"href":"http:\/\/www.waynakh.com\/tr\/wp-json\/wp\/v2\/users\/1"}],"replies":[{"embeddable":true,"href":"http:\/\/www.waynakh.com\/tr\/wp-json\/wp\/v2\/comments?post=4962"}],"version-history":[{"count":1,"href":"http:\/\/www.waynakh.com\/tr\/wp-json\/wp\/v2\/pages\/4962\/revisions"}],"predecessor-version":[{"id":4964,"href":"http:\/\/www.waynakh.com\/tr\/wp-json\/wp\/v2\/pages\/4962\/revisions\/4964"}],"wp:attachment":[{"href":"http:\/\/www.waynakh.com\/tr\/wp-json\/wp\/v2\/media?parent=4962"}],"curies":[{"name":"wp","href":"https:\/\/api.w.org\/{rel}","templated":true}]}}