{"id":5014,"date":"2009-07-24T22:00:18","date_gmt":"2009-07-24T19:00:18","guid":{"rendered":"http:\/\/www.waynakh.com\/tr\/?page_id=5014"},"modified":"2009-07-24T22:00:18","modified_gmt":"2009-07-24T19:00:18","slug":"arbi-mamakayev","status":"publish","type":"page","link":"http:\/\/www.waynakh.com\/tr\/arbi-mamakayev\/","title":{"rendered":"Arbi Mamakayev"},"content":{"rendered":"<p style=\"text-align: justify;\"><img loading=\"lazy\" decoding=\"async\" class=\"alignright size-full wp-image-5015\" title=\"arbi-mamakayev\" src=\"http:\/\/www.waynakh.com\/tr\/wp-content\/uploads\/2009\/07\/arbi-mamakayev.jpg\" alt=\"arbi-mamakayev\" width=\"150\" height=\"150\" \/>Tan\u0131nm\u0131\u015f \u015fair Arbi Mamakayev bir k\u00f6yl\u00fc \u00e7ocu\u011fu olarak 1918 y\u0131l\u0131nda \u00c7e\u00e7en \u0130ngu\u015f \u00d6zerk Sovyet Sosyalist Cumhuriyeti\u2019nin Nadterechny b\u00f6lgesindeki Nizhni Naur k\u00f6y\u00fcnde d\u00fcnyaya geldi.<\/p>\n<p style=\"text-align: justify;\">Rusya\u2019daki sivil sava\u015fta m\u00fccadele eden gerilla sava\u015f\u00e7\u0131s\u0131 babas\u0131n\u0131n ve amcas\u0131n\u0131n hayat\u0131n\u0131 kaybetmesi nedeniyle k\u00fc\u00e7\u00fck ya\u015f\u0131nda \u00f6ks\u00fcz kald\u0131. Mamakayev Sernovodsk kentindeki yetimhaneye getirildi ve \u00fcniversite ya\u015fam\u0131na kadar burada e\u011fitim ald\u0131. 1930\u2019lu y\u0131llarda \u201cLeninsky Put\u201d isimli bir gazetede ve ayn\u0131 zamanda bir radyoda \u00e7al\u0131\u015f\u0131rken tiyatro oyunu yazarl\u0131\u011f\u0131 i\u00e7in kursa gitti. Ancak isminin duyulmas\u0131 yazd\u0131\u011f\u0131 \u015fiirlerle oldu. \u0130lk \u015fiiri 1934 y\u0131l\u0131nda yay\u0131nland\u0131. \u0130lk \u015fiirlerinde \u00fclkesinin do\u011fal g\u00fczelliklerini, o g\u00fcn\u00fcn \u015fartlar\u0131nda halk\u0131n\u0131n ya\u015fam\u0131n\u0131 ve insanlar\u0131n\u0131n tarihsel ge\u00e7mi\u015flerine yer verdi. \u015eiirlerinin topland\u0131\u011f\u0131 ilk kitap \u201cTerek\u2019in Dalgalar\u0131\u201d ismiyle 1940 y\u0131l\u0131nda bas\u0131ld\u0131. Bu tarihlerde art\u0131k usta bir \u015fair olmaya ba\u015flam\u0131\u015ft\u0131 ve \u00c7e\u00e7en modern edebiyat\u0131n\u0131n en iyi eserlerinden birisi kabul edilen \u201cAslaga ve Selikhat\u201d gibi yazd\u0131\u011f\u0131 ba\u015far\u0131l\u0131 \u015fiirleriyle kimseyi \u015fa\u015f\u0131rtmad\u0131.<\/p>\n<p style=\"text-align: justify;\">1940\u2019l\u0131 y\u0131llar\u0131n ba\u015flar\u0131nda \u00c7e\u00e7en \u0130ngu\u015f \u00d6zerk Sovyet Sosyalist Cumhuriyeti Yazarlar Birli\u011fi\u2019nin \u0130dari Sekreteri se\u00e7ildi. Bu y\u0131llarda \u201c\u00d6fke\u201d ile \u201cKe\u015fif Grubu\u201d isimli oyunlar\u0131 \u00c7e\u00e7en \u0130ngu\u015f drama tiyatrolar\u0131nda oynand\u0131 ve \u201cEve Giden Yol\u201d, \u201c\u00c7e\u00e7en Da\u011flar\u0131nda\u201d, \u201cShatoy\u201d ve di\u011fer pek \u00e7ok \u00fcnl\u00fc \u015fiiri bas\u0131ld\u0131. Ayr\u0131ca bu y\u0131llar i\u00e7erisinde Mikhail Lermontov, Kosta Khetagurov, Taras Schevchenko, Samuil  Marshak ve di\u011fer \u00f6nemli \u015fairlerin \u00e7al\u0131\u015fmalar\u0131n\u0131 \u00c7e\u00e7ence\u2019ye terc\u00fcme etti.<\/p>\n<p style=\"text-align: justify;\">B\u00fcy\u00fcleyici s\u00f6zlerin sahibi olan Arbi Mamakayev \u00c7e\u00e7en halk\u0131 taraf\u0131ndan \u00e7ok sevilen bir \u015fair oldu ve \u00c7e\u00e7en tarihindeki silinmez yerini ald\u0131. \u015eair 1958 y\u0131l\u0131nda daha 40 ya\u015f\u0131ndayken hayata veda etti.<\/p>\n","protected":false},"excerpt":{"rendered":"<p>Tan\u0131nm\u0131\u015f \u015fair Arbi Mamakayev bir k\u00f6yl\u00fc \u00e7ocu\u011fu olarak 1918 y\u0131l\u0131nda \u00c7e\u00e7en \u0130ngu\u015f \u00d6zerk Sovyet Sosyalist Cumhuriyeti\u2019nin Nadterechny b\u00f6lgesindeki Nizhni Naur k\u00f6y\u00fcnde d\u00fcnyaya geldi.<br \/>\nRusya\u2019daki sivil sava\u015fta m\u00fccadele eden gerilla sava\u015f\u00e7\u0131s\u0131 babas\u0131n\u0131n ve amcas\u0131n\u0131n hayat\u0131n\u0131 kaybetmesi nedeniyle &#8230;<\/p>\n","protected":false},"author":1,"featured_media":0,"parent":0,"menu_order":0,"comment_status":"open","ping_status":"open","template":"","meta":{"ngg_post_thumbnail":0,"footnotes":""},"_links":{"self":[{"href":"http:\/\/www.waynakh.com\/tr\/wp-json\/wp\/v2\/pages\/5014"}],"collection":[{"href":"http:\/\/www.waynakh.com\/tr\/wp-json\/wp\/v2\/pages"}],"about":[{"href":"http:\/\/www.waynakh.com\/tr\/wp-json\/wp\/v2\/types\/page"}],"author":[{"embeddable":true,"href":"http:\/\/www.waynakh.com\/tr\/wp-json\/wp\/v2\/users\/1"}],"replies":[{"embeddable":true,"href":"http:\/\/www.waynakh.com\/tr\/wp-json\/wp\/v2\/comments?post=5014"}],"version-history":[{"count":1,"href":"http:\/\/www.waynakh.com\/tr\/wp-json\/wp\/v2\/pages\/5014\/revisions"}],"predecessor-version":[{"id":5016,"href":"http:\/\/www.waynakh.com\/tr\/wp-json\/wp\/v2\/pages\/5014\/revisions\/5016"}],"wp:attachment":[{"href":"http:\/\/www.waynakh.com\/tr\/wp-json\/wp\/v2\/media?parent=5014"}],"curies":[{"name":"wp","href":"https:\/\/api.w.org\/{rel}","templated":true}]}}