{"id":742,"date":"2008-11-30T02:38:38","date_gmt":"2008-11-30T00:38:38","guid":{"rendered":"http:\/\/www.zelimhan.com\/?page_id=1413"},"modified":"2010-07-20T20:32:58","modified_gmt":"2010-07-20T17:32:58","slug":"unlu-cecenler","status":"publish","type":"page","link":"http:\/\/www.waynakh.com\/tr\/unlu-cecenler\/","title":{"rendered":"\u00dcNL\u00dc \u00c7E\u00c7ENLER"},"content":{"rendered":"<p><span style=\"text-decoration: underline;\"><span style=\"color: #800000;\"><strong>\u00c7e\u00e7en Cumhuriyeti \u0130\u00e7kerya Devlet Ba\u015fkanlar\u0131<\/strong><\/span><\/span><\/p>\n<p>\u00bb <a href=\"http:\/\/www.waynakh.com\/tr\/cahar-musayevich-dudayev\/\" target=\"_self\">Dzhoxar Musayevi\u00e7 Dudayev<\/a> (1991 \u2013 1996)<br \/>\n\u00bb <a href=\"http:\/\/www.waynakh.com\/tr\/zelimhan-yandarbiyev\/\" target=\"_self\">Zelimxan Abdulmuslimovi\u00e7 Yandarbiyev<\/a> (1996 \u2013 1997)<br \/>\n\u00bb <a href=\"http:\/\/www.waynakh.com\/tr\/aslan-aliyevich-masxadov\/\" target=\"_self\">Aslan Aliyevi\u00e7 Masxadov<\/a> (1997 \u2013 2005)<br \/>\n\u00bb <a href=\"http:\/\/www.waynakh.com\/tr\/abdul-halim-sadullayev\/\" target=\"_self\">Abdul Halim Sadullayev<\/a> (2005 \u2013 2006)<br \/>\n\u00bb <a href=\"http:\/\/www.waynakh.com\/tr\/dokka-hamadovich-umarov\/\" target=\"_self\">Dokka Hamadovi\u00e7 Umarov<\/a> (2006 \u2013 6 Kas\u0131m 2007)<\/p>\n<p><span style=\"color: #800000;\"><strong><span style=\"text-decoration: underline;\">\u00c7e\u00e7en Politikac\u0131lar<\/span><\/strong><\/span><\/p>\n<p>\u00bb Akhyad Idigov<br \/>\n\u00bb Ilyas Khamzatovi\u00e7 Akhmadov<br \/>\n\u00bb Dr.Said Khassan Abumuslimov<\/p>\n<p><span style=\"text-decoration: underline;\"><span style=\"color: #800000;\"><strong>\u00c7e\u00e7en Komutanlar<\/strong><\/span><\/span><\/p>\n<p>\u00bb <a href=\"http:\/\/www.waynakh.com\/tr\/hamzat-gelayev\/\" target=\"_self\">Hamzat Gelayev<\/a><br \/>\n\u00bb <a href=\"http:\/\/www.waynakh.com\/tr\/samil-basayev-abdullah-samil-ebu-idris\/\" target=\"_self\">\u015eamil Basayev (Abdullah \u015eamil Ebu-\u0130dris)<\/a><br \/>\n\u00bb <a href=\"http:\/\/www.waynakh.com\/tr\/salman-raduyev-yalnizkurt\/\" target=\"_self\">Salman Raduyev (Yaln\u0131zkurt)<\/a><br \/>\n\u00bb <a href=\"http:\/\/www.waynakh.com\/tr\/arbi-barayev\/\" target=\"_self\">Arbi Barayev<\/a><\/p>\n<p><span style=\"text-decoration: underline;\"><span style=\"color: #800000;\"><strong>\u00c7e\u00e7en Tarihinden \u0130simler<\/strong><\/span><\/span><\/p>\n<p>\u00bb <a href=\"http:\/\/www.waynakh.com\/tr\/imam-mansur-usurma\/\" target=\"_self\">\u0130mam Mansur (U\u015furma)<\/a><br \/>\n\u00bb <a href=\"http:\/\/www.waynakh.com\/tr\/imam-hamzat\/\" target=\"_self\">\u0130mam Hamzat<\/a><br \/>\n\u00bb <a href=\"http:\/\/www.waynakh.com\/tr\/imam-gazi-muhammed\/\" target=\"_self\">\u0130mam Gazi Muhammed<\/a><br \/>\n\u00bb <a href=\"http:\/\/www.waynakh.com\/tr\/imam-bienuoyn-boysagar\/\" target=\"_self\">\u0130mam Bienuoyn Boysa\u011far<\/a><br \/>\n\u00bb <a href=\"http:\/\/www.waynakh.com\/tr\/kharacuolu-abrek-zelimhan-gusmazuqha\/\" target=\"_self\">Khara\u00e7uolu Abrek Zelimhan Gu\u015fmazuqha<\/a><br \/>\n\u00bb <a href=\"http:\/\/www.waynakh.com\/tr\/taymin-biybolat\/\" target=\"_self\">Taymin Biybolat<\/a><br \/>\n\u00bb <a href=\"http:\/\/www.waynakh.com\/tr\/uzun-usmi-haci\/\" target=\"_self\">Uzun (Usmi) Hac\u0131<\/a><br \/>\n\u00bb <a href=\"http:\/\/www.waynakh.com\/tr\/abdulmecid-tapa-cermoy\/\" target=\"_self\">Abdulmecid (Tapa) \u00c7ermoy<\/a><br \/>\n\u00bb <a href=\"http:\/\/www.waynakh.com\/tr\/son-abrek-khasukha-magomadov\/\" target=\"_self\">Son Abrek; Khasukha Magomadov<\/a><\/p>\n<p><span style=\"text-decoration: underline;\"><span style=\"color: #800000;\"><strong>\u00c7e\u00e7en Edebiyat\u00e7\u0131lar<\/strong><\/span><\/span><\/p>\n<p>\u00bb <a href=\"http:\/\/www.waynakh.com\/tr\/tarik-cemal-kutlu\/\" target=\"_self\">Tar\u0131k Cemal Kutlu<\/a><br \/>\n\u00bb <a href=\"http:\/\/www.waynakh.com\/tr\/mohmad-mamakayev\/\" target=\"_self\">Mohmad Mamakayev<\/a><br \/>\n\u00bb <a href=\"http:\/\/www.waynakh.com\/tr\/vassan-giray-cabagi\/\" target=\"_self\">Vassan Giray Cabagi<\/a><br \/>\n\u00bb <a href=\"http:\/\/www.waynakh.com\/tr\/beksultan-batirhan\/\" target=\"_self\">Beksultan Bat\u0131rhan<\/a><br \/>\n\u00bb <a href=\"http:\/\/www.waynakh.com\/tr\/abdurrahman-avtorhanov\/\" target=\"_self\">Abdurrahman Avtorhanov<\/a><br \/>\n\u00bb <a href=\"http:\/\/www.waynakh.com\/tr\/apti-bisultanov\/\" target=\"_self\">Apti Bisultanov<\/a><br \/>\n\u00bb <a href=\"http:\/\/www.waynakh.com\/tr\/arbi-mamakayev\/\" target=\"_self\">Arbi Mamakayev<\/a><br \/>\n\u00bb Khasmagomed Edilov<br \/>\n\u00bb <a href=\"http:\/\/www.waynakh.com\/tr\/abuzar-aydamirov\/\" target=\"_self\">Abuzar Aydamirov<\/a><br \/>\n\u00bb <a href=\"http:\/\/www.waynakh.com\/tr\/ilman-yusupov\/\" target=\"_self\">\u0130lman Yusupov<\/a><\/p>\n<p><span style=\"color: #800000;\"><strong><span style=\"text-decoration: underline;\">\u00c7e\u00e7en \u015eark\u0131c\u0131lar<br \/>\n<\/span><\/strong><\/span><\/p>\n<p>\u00bb <a href=\"http:\/\/www.waynakh.com\/tr\/imam-alimsultanov\/\" target=\"_self\">Imam Alimsultanov<\/a><br \/>\n\u00bb <a href=\"http:\/\/www.waynakh.com\/tr\/sultan-magomedov\/\" target=\"_self\">Sultan Magomedov<\/a><\/p>\n<p><span style=\"text-decoration: underline;\"><span style=\"color: #800000;\"><strong>\u00c7e\u00e7en Ressamlar<br \/>\n<\/strong><\/span><\/span><\/p>\n<p>\u00bb <a href=\"http:\/\/www.waynakh.com\/tr\/vaharsolt-balatkhanov\/\" target=\"_self\">Vaharsolt Balatkhanov<\/a><br \/>\n\u00bb <a href=\"http:\/\/www.waynakh.com\/tr\/zamir-yusaev\/\" target=\"_self\">Zamir Yu\u0161aev<\/a><br \/>\n\u00bb <a href=\"http:\/\/www.waynakh.com\/tr\/ruslan-khaskhanov\/\" target=\"_self\">Ruslan Samadovi\u00e7 Khaskhanov<\/a><br \/>\n\u00bb Shamsudi Akhmadov<br \/>\n\u00bb Sultan \u015eamsudinovi\u00e7 Abaev<br \/>\n\u00bb Lechi \u015eamsudinovi\u00e7 Abaev<br \/>\n\u00bb Vakhid Zaurayev<br \/>\n\u00bb Zareta A. Murtazaliyeva<br \/>\n\u00bb Fatima Daudova<br \/>\n\u00bb Ramzan D. Izhayev<br \/>\n\u00bb Kharon S.Y. Isayev<br \/>\n\u00bb Vahit Umarsultanov<br \/>\n\u00bb \u015eamil Alievich \u015eakhmurzaev<br \/>\n\u00bb Dadan Gelaniyevich Idrisov<br \/>\n\u00bb Said Khusein Bitsiraev<br \/>\n\u00bb Khamzat Yusupovi\u00e7 Dadaev<br \/>\n\u00bb Hassan Sediyev<br \/>\n\u00bb Rustam Sardalov<\/p>\n<p><span style=\"text-decoration: underline;\"><span style=\"color: #800000;\"><strong>\u00c7e\u00e7en Sporcular<\/strong><\/span><\/span><\/p>\n<p>\u00bb <a href=\"http:\/\/www.waynakh.com\/tr\/uvays-mezhidovic-akhtayev\/\" target=\"_self\">Uvays Mezhidovi\u00e7 Akhtayev<\/a><\/p>\n<p><span style=\"text-decoration: underline;\"><span style=\"color: #800000;\"><strong>\u00c7e\u00e7en Akademisyenler<\/strong><\/span><\/span><\/p>\n<p>\u00bb <a href=\"http:\/\/www.waynakh.com\/tr\/mohammed-mousa-adel-shashani\/\" target=\"_self\">Mohammed Mousa Adel Shashani<\/a><\/p>\n","protected":false},"excerpt":{"rendered":"<p>\u00c7e\u00e7en Cumhuriyeti \u0130\u00e7kerya Devlet Ba\u015fkanlar\u0131<br \/>\n\u00bb Dzhoxar Musayevi\u00e7 Dudayev (1991 \u2013 1996)<br \/>\n\u00bb Zelimxan Abdulmuslimovi\u00e7 Yandarbiyev (1996 \u2013 1997)<br \/>\n\u00bb Aslan Aliyevi\u00e7 Masxadov (1997 \u2013 2005)<br \/>\n\u00bb Abdul Halim Sadullayev (2005 \u2013 2006)<br \/>\n\u00bb Dokka Hamadovi\u00e7 Umarov (2006 \u2013 6 &#8230;<\/p>\n","protected":false},"author":1,"featured_media":0,"parent":0,"menu_order":0,"comment_status":"closed","ping_status":"open","template":"","meta":{"ngg_post_thumbnail":0,"footnotes":""},"_links":{"self":[{"href":"http:\/\/www.waynakh.com\/tr\/wp-json\/wp\/v2\/pages\/742"}],"collection":[{"href":"http:\/\/www.waynakh.com\/tr\/wp-json\/wp\/v2\/pages"}],"about":[{"href":"http:\/\/www.waynakh.com\/tr\/wp-json\/wp\/v2\/types\/page"}],"author":[{"embeddable":true,"href":"http:\/\/www.waynakh.com\/tr\/wp-json\/wp\/v2\/users\/1"}],"replies":[{"embeddable":true,"href":"http:\/\/www.waynakh.com\/tr\/wp-json\/wp\/v2\/comments?post=742"}],"version-history":[{"count":35,"href":"http:\/\/www.waynakh.com\/tr\/wp-json\/wp\/v2\/pages\/742\/revisions"}],"predecessor-version":[{"id":1210,"href":"http:\/\/www.waynakh.com\/tr\/wp-json\/wp\/v2\/pages\/742\/revisions\/1210"}],"wp:attachment":[{"href":"http:\/\/www.waynakh.com\/tr\/wp-json\/wp\/v2\/media?parent=742"}],"curies":[{"name":"wp","href":"https:\/\/api.w.org\/{rel}","templated":true}]}}