{"id":8105,"date":"2010-05-31T19:28:39","date_gmt":"2010-05-31T16:28:39","guid":{"rendered":"http:\/\/www.waynakh.com\/tr\/?page_id=8105"},"modified":"2010-05-31T19:29:50","modified_gmt":"2010-05-31T16:29:50","slug":"abuzar-aydamirov","status":"publish","type":"page","link":"http:\/\/www.waynakh.com\/tr\/abuzar-aydamirov\/","title":{"rendered":"ABUZAR AYDAM\u0130ROV"},"content":{"rendered":"<p style=\"text-align: justify;\"><a href=\"http:\/\/www.waynakh.com\/tr\/wp-content\/uploads\/2010\/05\/abuzer.jpg\"><img loading=\"lazy\" decoding=\"async\" src=\"http:\/\/www.waynakh.com\/tr\/wp-content\/uploads\/2010\/05\/abuzer-150x150.jpg\" alt=\"\" title=\"abuzer\" width=\"150\" height=\"150\" class=\"alignright size-thumbnail wp-image-8107\" \/><\/a>\u00c7e\u00e7en-\u0130ngu\u015f Cumhuriyeti&#8217;nin bir halk yazar\u0131 olan Abuzar Aydamirov, me\u015fhur tarihsel \u00fc\u00e7leme: &#8220;Uzun Geceler&#8221;, &#8220;Da\u011flar bir Y\u0131ld\u0131r\u0131m&#8221; ve &#8220;F\u0131rt\u0131na&#8221; gibi g\u00f6zde eserlerin yazar\u0131d\u0131r. Bu \u00fc\u00e7 roman \u00c7e\u00e7enya&#8217;n\u0131n tarihi ile 19. y\u00fczy\u0131l Rus-Kafkas sava\u015flar\u0131ndan 1917 Ekim Devrimi&#8217;ne kadar olan d\u00f6nemi anlat\u0131r. Karakterleri aras\u0131nda s\u0131radan da\u011f k\u00f6yl\u00fcleri ve d\u00fczinelerce \u00c7e\u00e7en kahraman vard\u0131r.<\/p>\n<p style=\"text-align: justify;\">Aydamirov 29 Ekim 1933 tarihinde d\u00fcnyaya geldi. \u00c7e\u00e7en-\u0130ngu\u015f \u00d6\u011fretmenleri E\u011fitim Enstit\u00fcs\u00fc&#8217;n\u00fcn tarih ve filoloji b\u00f6l\u00fcm\u00fcnden mezun olduktan sonra kendi k\u00f6y\u00fc Meskety&#8217;de ortaokul m\u00fcd\u00fcr\u00fc olarak \u00f6\u011fretmenlik yapt\u0131. \u00d6\u011fretim y\u0131llar\u0131 boyunca \u00fcst d\u00fczey h\u00fck\u00fcmet \u00f6d\u00fcllerine lay\u0131k g\u00f6r\u00fcld\u00fc ve 1989-1993 d\u00f6nemi i\u00e7in Sovyetler Birli\u011fi Y\u00fcksek Sovyet Halk Yard\u0131mc\u0131l\u0131\u011f\u0131&#8217;na se\u00e7ilmesi s\u00fcrpriz olmad\u0131.<\/p>\n<p style=\"text-align: justify;\">Hayat\u0131 evi ile i\u015f yeri aras\u0131nda, zor ko\u015fullarda ge\u00e7mesine ra\u011fmen Abuzar Aydamirov&#8217;un kararl\u0131 ki\u015fili\u011fi, O&#8217;nu y\u00fczlerce \u00f6\u011frencisi i\u00e7in okul \u00f6\u011fretmeni olarak bir model ve ahlaki bir otorite; yazar olarak ise t\u00fcm \u00c7e\u00e7enler i\u00e7in manevi bir otorite haline getirdi.<\/p>\n<p style=\"text-align: justify;\">Bir yazar olarak kariyerinin ba\u015flang\u0131c\u0131, Stalin&#8217;in k\u00fclt ki\u015fili\u011finden hen\u00fcz kurtulmu\u015f bir \u00fclkede pozitif de\u011fi\u015fiklikler i\u00e7in umutlar\u0131n ye\u015ferdi\u011fi bir d\u00f6neme denk gelir. \u0130lk \u00f6yk\u00fcs\u00fc 1957 y\u0131l\u0131nda yay\u0131mland\u0131. Ge\u00e7mi\u015f ya da bug\u00fcn hakk\u0131nda olsun, Aydamirov her zaman halk\u0131n\u0131n ger\u00e7eklerini yazd\u0131. Yazar\u0131n d\u00f6nemin ideolojik g\u00f6r\u00fc\u015fleriyle \u00f6rt\u00fc\u015fmeyen \u00e7al\u0131\u015fmalar\u0131 da oldu. Ancak Aydamirov&#8217;un kalemi her zaman \u00c7e\u00e7en halk\u0131n\u0131n yeniden bar\u0131\u015f\u00e7\u0131l ve zengin hayat\u0131na geri d\u00f6n\u00fc\u015f\u00fcn\u00fc hayal etti.<\/p>\n<p style=\"text-align: justify;\">Aydamirov \u00fclkesindeki sorunlar i\u00e7in her t\u00fcrl\u00fc \u00e7abay\u0131 sarf etti. \u00c7e\u00e7en halk\u0131n\u0131n \u00e7ekti\u011fi ac\u0131lara asla kay\u0131ts\u0131z kalmad\u0131, bu ba\u011flamda nesirler yazd\u0131, makaleler yay\u0131mlad\u0131 ve r\u00f6portajlar verdi. Bar\u0131\u015f k\u00fclt\u00fcr\u00fcn\u00fc savunan birisi olarak Aydamirov, her t\u00fcrl\u00fc problemin \u00e7\u00f6z\u00fcm\u00fc i\u00e7in medeni yollar\u0131n aranmas\u0131 \u00e7a\u011fr\u0131s\u0131nda bulundu. Aydamirov, \u00e7ok say\u0131da destek\u00e7isi olan ve \u00c7e\u00e7en halk\u0131 taraf\u0131ndan olduk\u00e7a \u00f6nemsenen \u00f6nemli bir k\u00fclt\u00fcr adam\u0131d\u0131r. \u00c7e\u00e7en Cumhuriyeti \u0130\u00e7kerya Milli Mar\u015f\u0131&#8217;n\u0131n da yazar\u0131 olan Abuzar Aydemirov 27 May\u0131s 2005 tarihinde, 72 ya\u015f\u0131nda hayata veda etti. <\/p>\n","protected":false},"excerpt":{"rendered":"<p>\u00c7e\u00e7en-\u0130ngu\u015f Cumhuriyeti&#8217;nin bir halk yazar\u0131 olan Abuzar Aydamirov, me\u015fhur tarihsel \u00fc\u00e7leme: &#8220;Uzun Geceler&#8221;, &#8220;Da\u011flar bir Y\u0131ld\u0131r\u0131m&#8221; ve &#8220;F\u0131rt\u0131na&#8221; gibi g\u00f6zde eserlerin yazar\u0131d\u0131r. Bu \u00fc\u00e7 roman \u00c7e\u00e7enya&#8217;n\u0131n tarihi ile 19. y\u00fczy\u0131l Rus-Kafkas sava\u015flar\u0131ndan 1917 Ekim Devrimi&#8217;ne &#8230;<\/p>\n","protected":false},"author":5,"featured_media":0,"parent":0,"menu_order":0,"comment_status":"open","ping_status":"open","template":"","meta":{"ngg_post_thumbnail":0,"footnotes":""},"_links":{"self":[{"href":"http:\/\/www.waynakh.com\/tr\/wp-json\/wp\/v2\/pages\/8105"}],"collection":[{"href":"http:\/\/www.waynakh.com\/tr\/wp-json\/wp\/v2\/pages"}],"about":[{"href":"http:\/\/www.waynakh.com\/tr\/wp-json\/wp\/v2\/types\/page"}],"author":[{"embeddable":true,"href":"http:\/\/www.waynakh.com\/tr\/wp-json\/wp\/v2\/users\/5"}],"replies":[{"embeddable":true,"href":"http:\/\/www.waynakh.com\/tr\/wp-json\/wp\/v2\/comments?post=8105"}],"version-history":[{"count":4,"href":"http:\/\/www.waynakh.com\/tr\/wp-json\/wp\/v2\/pages\/8105\/revisions"}],"predecessor-version":[{"id":8110,"href":"http:\/\/www.waynakh.com\/tr\/wp-json\/wp\/v2\/pages\/8105\/revisions\/8110"}],"wp:attachment":[{"href":"http:\/\/www.waynakh.com\/tr\/wp-json\/wp\/v2\/media?parent=8105"}],"curies":[{"name":"wp","href":"https:\/\/api.w.org\/{rel}","templated":true}]}}