{"id":8197,"date":"2010-06-08T21:23:58","date_gmt":"2010-06-08T18:23:58","guid":{"rendered":"http:\/\/www.waynakh.com\/tr\/?page_id=8197"},"modified":"2010-06-08T21:32:21","modified_gmt":"2010-06-08T18:32:21","slug":"imam-alimsultanov","status":"publish","type":"page","link":"http:\/\/www.waynakh.com\/tr\/imam-alimsultanov\/","title":{"rendered":"\u0130mam Alimsultanov"},"content":{"rendered":"<p style=\"text-align: justify;\"><a href=\"http:\/\/www.waynakh.com\/tr\/wp-content\/uploads\/2010\/06\/imamfk0.jpg\"><img loading=\"lazy\" decoding=\"async\" src=\"http:\/\/www.waynakh.com\/tr\/wp-content\/uploads\/2010\/06\/imamfk0-150x150.jpg\" alt=\"\" title=\"\u0130mam Alimsultanov\" width=\"150\" height=\"150\" class=\"alignright size-thumbnail wp-image-8198\" \/><\/a>\u0130mam, 23 \u015eubat 1944 y\u0131l\u0131nda \u00c7e\u00e7en-\u0130ngu\u015flar\u2019\u0131n b\u00fct\u00fcn\u00fcyle s\u00fcrg\u00fcne g\u00f6nderilmesi nedeniyle 1957 y\u0131l\u0131nda K\u0131rg\u0131zistan&#8217;da do\u011fdu. Okul y\u0131llar\u0131nda \u00c7e\u00e7enya\u2019ya d\u00f6nerek Ortaokulu Grozni\u2019de bitirdi. Rostov Fen bilimleri enstit\u00fcs\u00fcnde y\u00fcksek lisans yaparak arazi \u0131slah uzman\u0131 olarak mezun oldu.<\/p>\n<p style=\"text-align: justify;\">Alimsultanov 1980&#8217;lerin ortalar\u0131nda, \u00c7e\u00e7en Halk Hikayeleri ve \u00c7e\u00e7en kahramanlar\u0131n\u0131n \u00fczerine \u015fark\u0131lar yaparak m\u00fczik kariyerine ba\u015flad\u0131. Ayr\u0131ca Umar Yarycheva, Musa Geshaev ve di\u011fer \u00f6nde gelen \u00c7e\u00e7en \u015fairler taraf\u0131ndan yaz\u0131lm\u0131\u015f \u015fiirlerden de \u015fark\u0131lar yapt\u0131. Timur Mucuraev\u2019in \u015fark\u0131lar\u0131n\u0131n aksine, \u0130mam\u2019\u0131n m\u00fczi\u011fi geleneksel \u00c7e\u00e7en motifleri i\u00e7eriyordu. En sevilen \u015fark\u0131lar\u0131 aras\u0131nda &#8220;Gazavat&#8221;, &#8220;Da\u011f\u0131stan&#8221;, &#8220;Uzak Anayurt Mar\u015f\u0131&#8221; ve &#8220;\u00c7e\u00e7enya&#8221; bulunmaktad\u0131r.<\/p>\n<p style=\"text-align: justify;\">Aral\u0131k 1994 y\u0131l\u0131nda Birinci Rus-\u00c7e\u00e7en Sava\u015f\u0131&#8217;n\u0131n ba\u015flamas\u0131yla, Alimsultanov \u015fark\u0131lar\u0131n\u0131 \u00c7e\u00e7en sava\u015f\u00e7\u0131lar i\u00e7in s\u00f6ylemeye ba\u015flad\u0131 ve daha sonra \u00c7e\u00e7en Cumhurba\u015fkan\u0131 Dzhokar Dudaev\u2019in iste\u011fi \u00fczerine T\u00fcrkiye&#8217;ye g\u00f6nderilen yaral\u0131 sava\u015f\u00e7\u0131lara e\u015flik etti. <\/p>\n<p style=\"text-align: justify;\">Alimsultanov, \u00c7e\u00e7enya\u2019ya d\u00f6nmeden, Ukrayna\u2019n\u0131n Odessa kendinde rehine olarak tutulan 25 in\u015faat\u00e7\u0131n\u0131n serbest b\u0131rak\u0131lmas\u0131na yard\u0131mc\u0131 olmak i\u00e7in m\u00fczakerelerde bulunmak \u00fczere oraya ge\u00e7i\u015f yapt\u0131. Serbest b\u0131rak\u0131lmalar\u0131 g\u00fcvence alt\u0131na al\u0131nd\u0131ktan sonra Odessa Belediye Ba\u015fkan\u0131 Eduard Gurwits taraf\u0131ndan &#8220;\u0130mam M\u00fczik ve Tiyatro Salonu&#8221; a\u00e7\u0131ld\u0131 ve Alimsultanov bu salonda be\u015f kez sahne ald\u0131.<\/p>\n<p style=\"text-align: justify;\">Alimsultanov 10 Kas\u0131m 1996 gecesi, kendisinin ve m\u00fczik ekibinin kald\u0131\u011f\u0131 Odessa Evi&#8217;ne giren polis \u00fcniformal\u0131 \u00fc\u00e7 ki\u015finin sald\u0131r\u0131s\u0131n u\u011frad\u0131. Yak\u0131n mesafeden a\u00e7\u0131lan ate\u015f ile \u0130mam ve iki meslekta\u015f\u0131 olay yerinde \u015fehit oldu. Cinayet esnas\u0131nda banyoda olan bir g\u00f6rg\u00fc tan\u0131\u011f\u0131 ise hayatta kalmay\u0131 ba\u015fard\u0131. Cinayet halen \u00e7\u00f6z\u00fcme kavu\u015fturulamad\u0131. Ukrayna kolluk g\u00fc\u00e7lerinin \u00fczerinde durdu\u011fu bir versiyona g\u00f6re, cinayetin ard\u0131nda politik nedenler bulunumuyor; ancak \u00c7e\u00e7en istihbarat servisi yapt\u0131\u011f\u0131 incelemede cinayetle Rus FSB&#8217;si aras\u0131nda ba\u011flant\u0131 bulundu\u011funu ortaya koydu.<\/p>\n<p style=\"text-align: justify;\">\u0130mam Alimsultanov, do\u011fdu\u011fu kent olan Da\u011f\u0131stan&#8217;\u0131n Khasavyurt&#8217;ta defnedilmi\u015f olup, ayr\u0131ca kentte bir caddeye de ismi verilmi\u015ftir.<\/p>\n","protected":false},"excerpt":{"rendered":"<p>\u0130mam, 23 \u015eubat 1944 y\u0131l\u0131nda \u00c7e\u00e7en-\u0130ngu\u015flar\u2019\u0131n b\u00fct\u00fcn\u00fcyle s\u00fcrg\u00fcne g\u00f6nderilmesi nedeniyle 1957 y\u0131l\u0131nda K\u0131rg\u0131zistan&#8217;da do\u011fdu. Okul y\u0131llar\u0131nda \u00c7e\u00e7enya\u2019ya d\u00f6nerek Ortaokulu Grozni\u2019de bitirdi. Rostov Fen bilimleri enstit\u00fcs\u00fcnde y\u00fcksek lisans yaparak arazi \u0131slah uzman\u0131 olarak mezun oldu.<br \/>\nAlimsultanov 1980&#8217;lerin &#8230;<\/p>\n","protected":false},"author":5,"featured_media":0,"parent":0,"menu_order":0,"comment_status":"open","ping_status":"open","template":"","meta":{"ngg_post_thumbnail":0,"footnotes":""},"_links":{"self":[{"href":"http:\/\/www.waynakh.com\/tr\/wp-json\/wp\/v2\/pages\/8197"}],"collection":[{"href":"http:\/\/www.waynakh.com\/tr\/wp-json\/wp\/v2\/pages"}],"about":[{"href":"http:\/\/www.waynakh.com\/tr\/wp-json\/wp\/v2\/types\/page"}],"author":[{"embeddable":true,"href":"http:\/\/www.waynakh.com\/tr\/wp-json\/wp\/v2\/users\/5"}],"replies":[{"embeddable":true,"href":"http:\/\/www.waynakh.com\/tr\/wp-json\/wp\/v2\/comments?post=8197"}],"version-history":[{"count":3,"href":"http:\/\/www.waynakh.com\/tr\/wp-json\/wp\/v2\/pages\/8197\/revisions"}],"predecessor-version":[{"id":8200,"href":"http:\/\/www.waynakh.com\/tr\/wp-json\/wp\/v2\/pages\/8197\/revisions\/8200"}],"wp:attachment":[{"href":"http:\/\/www.waynakh.com\/tr\/wp-json\/wp\/v2\/media?parent=8197"}],"curies":[{"name":"wp","href":"https:\/\/api.w.org\/{rel}","templated":true}]}}