{"id":909,"date":"2008-12-09T14:18:16","date_gmt":"2008-12-09T12:18:16","guid":{"rendered":"http:\/\/www.zelimhan.com\/?page_id=2797"},"modified":"2009-01-27T15:36:58","modified_gmt":"2009-01-27T22:36:58","slug":"abdul-halim-sadullayev","status":"publish","type":"page","link":"http:\/\/www.waynakh.com\/tr\/abdul-halim-sadullayev\/","title":{"rendered":"ABDUL HAL\u0130M SADULLAYEV"},"content":{"rendered":"<p style=\"text-align: justify;\"><img loading=\"lazy\" decoding=\"async\" class=\"alignright size-full wp-image-2798\" title=\"abdulhalim\" src=\"http:\/\/www.waynakh.com\/tr\/wp-content\/uploads\/2008\/12\/abdulhalim.jpg\" alt=\"\" width=\"80\" height=\"100\" \/>\u00c7e\u00e7en 1967 do\u011fumlu. \u00c7e\u00e7en ba\u015fkenti Cevherkale&#8217;nin 12 kilometre uza\u011f\u0131nda bulunan Argun \u015fehrinde do\u011fdu. \u00c7e\u00e7en Ustradoy a\u015firetine ba\u011fl\u0131d\u0131r (Biltoy a\u015firetinin \u00f6z koludur). Ustradoylar, Argun kentini kuranlar olarak biliniyor. (\u00c7e\u00e7ence\u2019de Argun- Ustrad-gala\u2019d\u0131r \u2013 Ustradlar\u0131n kalesi).<\/p>\n<p style=\"text-align: justify;\">\u00dcnl\u00fc \u00c7e\u00e7en din adamlar\u0131ndan e\u011fitim ald\u0131. \u00c7e\u00e7enistan&#8217;da \u0130slami dirili\u015fin aktif kat\u0131l\u0131mc\u0131lar\u0131ndan. \u0130slam&#8217;\u0131 gen\u00e7lere \u00f6\u011freten bir \u00f6\u011fretmen. \u00c7e\u00e7enistan Devlet \u00dcniversitesi Filoloji Fak\u00fcltesinde okudu, ancak sava\u015f\u0131n ba\u015flamas\u0131 sebebiyle bitiremedi. \u00c7e\u00e7ence, Arap\u00e7a ve Rus\u00e7a bilmektedir.<\/p>\n<p style=\"text-align: justify;\">Birinci Rus-\u00c7e\u00e7en sava\u015f\u0131na kat\u0131ld\u0131. Birinci ve \u0130kinci Rus-\u00c7e\u00e7en sava\u015flar\u0131nda aktif olarak \u00c7e\u00e7en televizyonunda \u0130slami vaazlar verdi. Argun cemaati ba\u015fkanl\u0131\u011f\u0131 yapt\u0131. \u00c7e\u00e7enistan&#8217;\u0131n farkl\u0131 b\u00f6lgelerinde \u0130slami konferanslar verdi. Bir d\u00f6nem Argun camii imaml\u0131\u011f\u0131 yapt\u0131.<\/p>\n<p style=\"text-align: justify;\">1999 y\u0131l\u0131nda Cumhurba\u015fkan\u0131 Mashadov&#8217;un karar\u0131 ile \u015eeriat Anayasas\u0131 Devlet Komisyonuna al\u0131nd\u0131.<\/p>\n<p style=\"text-align: justify;\">\u0130kinci Rus-\u00c7e\u00e7en sava\u015f\u0131n\u0131n ba\u015flamas\u0131n\u0131n ard\u0131ndan \u00c7e\u00e7en \u0130\u00e7kerya Cumhuriyeti Silahl\u0131 Kuvvetlerne ba\u011f\u0131l\u0131 Argun g\u00f6n\u00fcll\u00fcler birli\u011finin ba\u015fkanl\u0131\u011f\u0131n\u0131 yapt\u0131. 2002 y\u0131l\u0131nda Devlet Savunma Komitesi \u2013 \u015eura Meclisi (sava\u015f zaman\u0131 i\u00e7in \u00c7e\u00e7en \u0130\u00e7kerya Cumhuriyeti\u2019in y\u00f6netici dairesi) karar\u0131 ile, \u00c7e\u00e7en \u0130\u00e7kerya Cumhuriyeti \u015eeriat Mahkemesi ba\u015fkanl\u0131\u011f\u0131na ve Devlet Savunma Komitesi-\u015eeriat Mahkemesi \u015eeriat Komitesi ba\u015fkanl\u0131\u011f\u0131na getirildi.<\/p>\n<p style=\"text-align: justify;\">\u00c7e\u00e7en \u0130\u00e7kerya Cumhuriyeti Cumhurba\u015fkan\u0131 Aslan Mashadov&#8217;un \u00f6l\u00fcm\u00fcn\u00fcn ard\u0131ndan, anayasaya g\u00f6re \u00c7e\u00e7en \u0130\u00e7kerya Cumhuriyeti Cumhurba\u015fkan\u0131 oldu, ayn\u0131 zamanda \u00c7e\u00e7en \u0130\u00e7kerya Cumhuriyeti Silahl\u0131 Kuvvetler komutan\u0131 oldu.<\/p>\n<p style=\"text-align: justify;\">17 Haziran 2006 g\u00fcn\u00fc Argun kentinde, Rus i\u015fgalciler ve \u0130\u015fbirlik\u00e7i m\u00fcnaf\u0131klar ile girdi\u011fi \u00e7at\u0131\u015fmada \u015fehit (in\u015fa Allah) olmu\u015ftur.<\/p>\n","protected":false},"excerpt":{"rendered":"<p>\u00c7e\u00e7en 1967 do\u011fumlu. \u00c7e\u00e7en ba\u015fkenti Cevherkale&#8217;nin 12 kilometre uza\u011f\u0131nda bulunan Argun \u015fehrinde do\u011fdu. \u00c7e\u00e7en Ustradoy a\u015firetine ba\u011fl\u0131d\u0131r (Biltoy a\u015firetinin \u00f6z koludur). Ustradoylar, Argun kentini kuranlar olarak biliniyor. (\u00c7e\u00e7ence\u2019de Argun- Ustrad-gala\u2019d\u0131r \u2013 Ustradlar\u0131n kalesi).<br \/>\n\u00dcnl\u00fc \u00c7e\u00e7en din &#8230;<\/p>\n","protected":false},"author":1,"featured_media":0,"parent":0,"menu_order":0,"comment_status":"closed","ping_status":"open","template":"","meta":{"ngg_post_thumbnail":0,"footnotes":""},"_links":{"self":[{"href":"http:\/\/www.waynakh.com\/tr\/wp-json\/wp\/v2\/pages\/909"}],"collection":[{"href":"http:\/\/www.waynakh.com\/tr\/wp-json\/wp\/v2\/pages"}],"about":[{"href":"http:\/\/www.waynakh.com\/tr\/wp-json\/wp\/v2\/types\/page"}],"author":[{"embeddable":true,"href":"http:\/\/www.waynakh.com\/tr\/wp-json\/wp\/v2\/users\/1"}],"replies":[{"embeddable":true,"href":"http:\/\/www.waynakh.com\/tr\/wp-json\/wp\/v2\/comments?post=909"}],"version-history":[{"count":2,"href":"http:\/\/www.waynakh.com\/tr\/wp-json\/wp\/v2\/pages\/909\/revisions"}],"predecessor-version":[{"id":1218,"href":"http:\/\/www.waynakh.com\/tr\/wp-json\/wp\/v2\/pages\/909\/revisions\/1218"}],"wp:attachment":[{"href":"http:\/\/www.waynakh.com\/tr\/wp-json\/wp\/v2\/media?parent=909"}],"curies":[{"name":"wp","href":"https:\/\/api.w.org\/{rel}","templated":true}]}}