{"id":916,"date":"2008-12-09T14:32:56","date_gmt":"2008-12-09T12:32:56","guid":{"rendered":"http:\/\/www.zelimhan.com\/?page_id=2819"},"modified":"2009-01-27T15:39:30","modified_gmt":"2009-01-27T22:39:30","slug":"samil-basayev-abdullah-samil-ebu-idris","status":"publish","type":"page","link":"http:\/\/www.waynakh.com\/tr\/samil-basayev-abdullah-samil-ebu-idris\/","title":{"rendered":"\u015eAM\u0130L BASAYEV (ABDULLAH \u015eAM\u0130L EBU-\u0130DR\u0130S)"},"content":{"rendered":"<p style=\"text-align: justify;\"><img loading=\"lazy\" decoding=\"async\" class=\"alignright size-full wp-image-2820\" title=\"sbasayev\" src=\"http:\/\/www.waynakh.com\/tr\/wp-content\/uploads\/2008\/12\/sbasayev.jpg\" alt=\"\" width=\"80\" height=\"100\" \/>1965 y\u0131l\u0131n\u0131n Ocak ay\u0131nda \u00c7e\u00e7enistan\u2019da Vedeno k\u00f6y\u00fcnde d\u00fcnyaya geldi. 1987 y\u0131l\u0131nda Moskova\u2019da m\u00fchendislik e\u011fitimine ba\u015flad\u0131. \u00d6\u011frencilik y\u0131llar\u0131nda devrimci ki\u015fili\u011fi ile \u00f6n plana \u00e7\u0131km\u0131\u015ft\u0131. Moskova\u2019da odas\u0131n\u0131n duvar\u0131nda Che Guevera\u2019n\u0131n posterinin as\u0131l\u0131 oldu\u011funu verdi\u011fi bir deme\u00e7te dile getirdi.<\/p>\n<p style=\"text-align: justify;\">Mezun olduktan sonra Sovyet ordusunda askerlik yapt\u0131. 1991 A\u011fustosunda Moskova\u2019daki h\u00fck\u00fcmet darbesi s\u0131ras\u0131nda Yeltsin taraftarlar\u0131 aras\u0131nda yer alarak Beyaz Saray\u2019\u0131n savunulmas\u0131 hareketine kat\u0131ld\u0131.<\/p>\n<p style=\"text-align: justify;\">Sovyetlerin da\u011f\u0131lmas\u0131 \u00fczerine ba\u011f\u0131ms\u0131zl\u0131\u011f\u0131n\u0131 ilan eden, \u00fclkesi \u00c7e\u00e7enistan\u2019a d\u00f6nerek Rus gizli \u00f6rg\u00fctleri ile m\u00fccadele etmek \u00fczere kurulan \u00f6zel birlikleri y\u00f6netti.<\/p>\n<p style=\"text-align: justify;\">Ad\u0131n\u0131 ilk defa \u00c7e\u00e7enistan\u2019da ya\u015fananlar\u0131 d\u00fcnyaya duyurmak i\u00e7in bir Rus u\u00e7a\u011f\u0131n\u0131 ka\u00e7\u0131rarak Ankara\u2019ya indirdi\u011finde duyurdu.<\/p>\n<p style=\"text-align: justify;\">1992 y\u0131l\u0131nda Cahar Dudayev\u2019in emri ile Abhazya\u2019ya g\u00f6nderilen \u00c7e\u00e7en birliklerin komutan\u0131 iken, Abhazya\u2019n\u0131n G\u00fcrc\u00fc i\u015fgalinden kurtulmas\u0131nda birinci dereceden etkili olan Kafkas Halklar\u0131 Konfederasyonu (KHK) birliklerinin komutanl\u0131\u011f\u0131na getirildi.<\/p>\n<p style=\"text-align: justify;\">Abhazya\u2019n\u0131n ard\u0131ndan \u00c7e\u00e7enistan\u2019a d\u00f6nerek Dudayev\u2019e kar\u015f\u0131 muhalefete ge\u00e7en Rus yanl\u0131s\u0131 silahl\u0131 birliklerin da\u011f\u0131t\u0131lmas\u0131nda etkili oldu.<\/p>\n<p style=\"text-align: justify;\">1994 y\u0131l\u0131 aral\u0131k ay\u0131nda Rus g\u00fc\u00e7lerin \u00c7e\u00e7enistan\u2019\u0131 istila etmesiyle \u00c7e\u00e7en komutanlar\u0131n en \u00f6nemlilerinden biri haline geldi ve uzun s\u00fcre Vedeno cephesini kumanda etti. Bu s\u0131rada Rus sava\u015f u\u00e7aklar\u0131 \u015famil\u2019in Vedeno\u2019daki evini bombalayarak ailesinden 11 ki\u015fiyi \u015fehid ettiler.<\/p>\n<p style=\"text-align: justify;\"><img loading=\"lazy\" decoding=\"async\" class=\"alignleft size-full wp-image-2821\" title=\"sbasayev1\" src=\"http:\/\/www.waynakh.com\/tr\/wp-content\/uploads\/2008\/12\/sbasayev1.jpg\" alt=\"\" width=\"290\" height=\"193\" \/>Rus g\u00fc\u00e7lerin sivillere kar\u015f\u0131 giri\u015ftikleri katliamlar\u0131n en \u00fcst seviyelere ula\u015ft\u0131\u011f\u0131 Haziran 1995\u2019de, ya\u015fananlar\u0131 d\u00fcnya kamuoyuna duyurabilmek i\u00e7in 150 sava\u015f\u00e7\u0131n\u0131n Budennovsk kentine d\u00fczenledi\u011fi eylemi y\u00f6netti.<\/p>\n<p style=\"text-align: justify;\">1996 y\u0131l\u0131 Nisan ay\u0131nda \u00c7e\u00e7en Cumhuriyeti Silahl\u0131 Kuvvetleri Komutanl\u0131\u011f\u0131na getirildi. Ve Rus g\u00fc\u00e7leri \u00c7e\u00e7enistan\u2019\u0131 bo\u015faltmaya mecbur eden Cahar-Kale (Grozni) operasyonunu komuta etti. 1996 Aral\u0131k ay\u0131nda Silahl\u0131 Kuvvetler Komutanl\u0131\u011f\u0131 g\u00f6revinden ayr\u0131larak adayl\u0131\u011f\u0131n\u0131 koydu\u011fu ba\u015fkanl\u0131k se\u00e7imlerinde oylar\u0131n %23.5\u2019ini alarak ikinci oldu. 1997 Nisan\u2019\u0131nda Cumhurba\u015fkan\u0131 Aslan Mashadov taraf\u0131ndan Ba\u015fbakanl\u0131\u011fa getirildi.<\/p>\n<p style=\"text-align: justify;\">Ancak bir s\u00fcre sonra Ba\u015fbakanl\u0131ktan istifa ederek 26-28 Nisan 1998 de Cahar-Kale\u2019de yap\u0131lan \u00c7e\u00e7en-Da\u011f\u0131stan Halklar\u0131 Kongresi\u2019nde Ba\u015fkan se\u00e7ildi.Ve Kongrenin ikinci toplant\u0131s\u0131nda al\u0131nan kararla 1 A\u011fustos 1999\u2019da kurulan \u0131slam \u015fura\u2019s\u0131n\u0131n ba\u015fkanl\u0131\u011f\u0131na getirildi.<\/p>\n<p style=\"text-align: justify;\">Rus g\u00fc\u00e7lerin 12 A\u011fustos 1999\u2019da Da\u011f\u0131stan\u2019\u0131n Botlikh b\u00f6lgesine sald\u0131rmas\u0131 \u00fczerine b\u00f6lgenin savunulmas\u0131na yard\u0131ma gitti. Ancak Rusya\u2019n\u0131n \u00c7e\u00e7enistan\u2019\u0131 yeniden i\u015fgali \u00fczerine \u00c7e\u00e7enistan\u2019a d\u00f6nerek do\u011fu cephesi komutanl\u0131\u011f\u0131 g\u00f6revini s\u00fcrd\u00fcrmeye ba\u015flad\u0131. Halen, Devlet Ba\u015fkan\u0131 Aslan Mashadov\u2019un emrinde \u00c7e\u00e7enistan Silahl\u0131 Kuvvetleri Komutanl\u0131\u011f\u0131 g\u00f6revini s\u00fcrd\u00fcrmektedir.<\/p>\n<p style=\"text-align: justify;\">\u00c7e\u00e7en komutan, 10Temmuz 2006 g\u00fcn\u00fc \u0130ngu\u015fetya&#8217;n\u0131n Ekajev k\u00f6y\u00fcn\u00fcn yak\u0131n\u0131nda, i\u00e7inde patlay\u0131c\u0131lar olan bir kamyonetin tesad\u00fcfen ve kendili\u011finden patlamas\u0131 sonucu hayat\u0131n\u0131 kayb etti. Onunla birlikte di\u011fer \u00fc\u00e7 m\u00fccahit de \u015fehid oldular (in\u015fa Allah).<\/p>\n","protected":false},"excerpt":{"rendered":"<p>1965 y\u0131l\u0131n\u0131n Ocak ay\u0131nda \u00c7e\u00e7enistan\u2019da Vedeno k\u00f6y\u00fcnde d\u00fcnyaya geldi. 1987 y\u0131l\u0131nda Moskova\u2019da m\u00fchendislik e\u011fitimine ba\u015flad\u0131. \u00d6\u011frencilik y\u0131llar\u0131nda devrimci ki\u015fili\u011fi ile \u00f6n plana \u00e7\u0131km\u0131\u015ft\u0131. Moskova\u2019da odas\u0131n\u0131n duvar\u0131nda Che Guevera\u2019n\u0131n posterinin as\u0131l\u0131 oldu\u011funu verdi\u011fi bir deme\u00e7te dile &#8230;<\/p>\n","protected":false},"author":1,"featured_media":0,"parent":0,"menu_order":0,"comment_status":"closed","ping_status":"open","template":"","meta":{"ngg_post_thumbnail":0,"footnotes":""},"_links":{"self":[{"href":"http:\/\/www.waynakh.com\/tr\/wp-json\/wp\/v2\/pages\/916"}],"collection":[{"href":"http:\/\/www.waynakh.com\/tr\/wp-json\/wp\/v2\/pages"}],"about":[{"href":"http:\/\/www.waynakh.com\/tr\/wp-json\/wp\/v2\/types\/page"}],"author":[{"embeddable":true,"href":"http:\/\/www.waynakh.com\/tr\/wp-json\/wp\/v2\/users\/1"}],"replies":[{"embeddable":true,"href":"http:\/\/www.waynakh.com\/tr\/wp-json\/wp\/v2\/comments?post=916"}],"version-history":[{"count":2,"href":"http:\/\/www.waynakh.com\/tr\/wp-json\/wp\/v2\/pages\/916\/revisions"}],"predecessor-version":[{"id":1221,"href":"http:\/\/www.waynakh.com\/tr\/wp-json\/wp\/v2\/pages\/916\/revisions\/1221"}],"wp:attachment":[{"href":"http:\/\/www.waynakh.com\/tr\/wp-json\/wp\/v2\/media?parent=916"}],"curies":[{"name":"wp","href":"https:\/\/api.w.org\/{rel}","templated":true}]}}